{"id":14284,"date":"2024-12-10T14:56:20","date_gmt":"2024-12-10T13:56:20","guid":{"rendered":"https:\/\/www.interreg-sverige-norge.com\/elementor-14276\/"},"modified":"2024-12-10T15:07:58","modified_gmt":"2024-12-10T14:07:58","slug":"elementor-14276","status":"publish","type":"page","link":"https:\/\/www.interreg-sverige-norge.com\/no\/elementor-14276\/","title":{"rendered":"Elementor #14276"},"content":{"rendered":"\t\t<div data-elementor-type=\"wp-page\" data-elementor-id=\"14284\" class=\"elementor elementor-14284 elementor-14276\" data-elementor-post-type=\"page\">\n\t\t\t\t\t\t<section class=\"elementor-section elementor-top-section elementor-element elementor-element-62d1456 elementor-section-boxed elementor-section-height-default elementor-section-height-default\" data-id=\"62d1456\" data-element_type=\"section\" data-e-type=\"section\" data-settings=\"{&quot;jet_parallax_layout_list&quot;:[]}\">\n\t\t\t\t\t\t<div class=\"elementor-container elementor-column-gap-default\">\n\t\t\t\t\t<div class=\"elementor-column elementor-col-100 elementor-top-column elementor-element elementor-element-acba46f\" data-id=\"acba46f\" data-element_type=\"column\" data-e-type=\"column\">\n\t\t\t<div class=\"elementor-widget-wrap\">\n\t\t\t\t\t\t\t<\/div>\n\t\t<\/div>\n\t\t\t\t\t<\/div>\n\t\t<\/section>\n\t\t\t\t<section class=\"elementor-section elementor-top-section elementor-element elementor-element-17834fb elementor-section-boxed elementor-section-height-default elementor-section-height-default\" data-id=\"17834fb\" data-element_type=\"section\" data-e-type=\"section\" data-settings=\"{&quot;jet_parallax_layout_list&quot;:[]}\">\n\t\t\t\t\t\t<div class=\"elementor-container elementor-column-gap-default\">\n\t\t\t\t\t<div class=\"elementor-column elementor-col-100 elementor-top-column elementor-element elementor-element-65a7762\" data-id=\"65a7762\" data-element_type=\"column\" data-e-type=\"column\">\n\t\t\t<div class=\"elementor-widget-wrap elementor-element-populated\">\n\t\t\t\t\t\t<div class=\"elementor-element elementor-element-2637041 elementor-widget elementor-widget-text-editor\" data-id=\"2637041\" data-element_type=\"widget\" data-e-type=\"widget\" data-widget_type=\"text-editor.default\">\n\t\t\t\t<div class=\"elementor-widget-container\">\n\t\t\t\t\t\t\t\t\t<p><strong>Styringskomiteen har prioritert f\u00f8lgende fem prosjekter Sentrale Skandinavia<\/strong><\/p>\n<p><strong>Interregional sirkularitet i Midt-Skandinavia<\/strong><\/p>\n<p>Prioritert omr\u00e5de: Gr\u00f8nnere grenseregion<\/p>\n<p>Spesifikt m\u00e5l: Fremme overgangen til en sirkul\u00e6r og ressurseffektiv \u00f8konomi<\/p>\n<p><strong>Prosjektperiode<\/strong>: 1. januar 2025 &#8211; 31. desember 2027<\/p>\n<p><strong>Svensk prosjekteier<\/strong>: Glava Energy Centre<\/p>\n<p><strong>Norsk prosjekteier<\/strong>: Vaager Innovation<\/p>\n<p><strong>Samlet budsjett:<\/strong> 2 362 101 euro<\/p>\n<p><strong>Bel\u00f8p EU-midler<\/strong>: 990 610 EUR<\/p>\n<p><strong>Bel\u00f8p for IR-finansiering<\/strong>: 400 000 euro<\/p>\n<p>M\u00e5let med prosjektet er \u00e5 styrke forsknings- og innovasjonskapasiteten i V\u00e4rmland og Innlandet innen industrielle verdikjeder som st\u00e5l, aluminium, plast, kompositter og energi for \u00e5 \u00f8ke konkurranseevnen.<\/p>\n<p>Det skal ogs\u00e5 utvikles kurskonsepter og arbeidsmodeller for kompetanseutvikling og samarbeid mellom akademia, n\u00e6ringsliv og offentlig sektor. De prim\u00e6re m\u00e5lgruppene er bedrifter og bransjer i V\u00e4rmland og Innlandet som opererer i en sektor som er relevant for sirkul\u00e6re verdikjeder, for eksempel produksjon, prosess og energi. <\/p>\n\t\t\t\t\t\t\t\t<\/div>\n\t\t\t\t<\/div>\n\t\t\t\t\t<\/div>\n\t\t<\/div>\n\t\t\t\t\t<\/div>\n\t\t<\/section>\n\t\t\t\t<\/div>\n\t\t","protected":false},"excerpt":{"rendered":"<p>Styringskomiteen har prioritert f\u00f8lgende fem prosjekter Sentrale Skandinavia Interregional sirkularitet i Midt-Skandinavia Prioritert omr\u00e5de: Gr\u00f8nnere grenseregion Spesifikt m\u00e5l: Fremme overgangen til en sirkul\u00e6r og ressurseffektiv \u00f8konomi Prosjektperiode: 1. januar 2025 &#8211; 31. desember 2027 Svensk prosjekteier: Glava Energy Centre Norsk prosjekteier: Vaager Innovation Samlet budsjett: 2 362 101 euro Bel\u00f8p EU-midler: 990 610 EUR Bel\u00f8p [&hellip;]<\/p>\n","protected":false},"author":6,"featured_media":0,"parent":0,"menu_order":0,"comment_status":"closed","ping_status":"closed","template":"","meta":{"_jf_schedule_form":"","_jf_limit_responses":"","footnotes":""},"class_list":["post-14284","page","type-page","status-publish","hentry"],"yoast_head":"<!-- This site is optimized with the Yoast SEO plugin v27.4 - https:\/\/yoast.com\/product\/yoast-seo-wordpress\/ -->\n<title>Elementor #14276 - Interreg Sverige-Norge<\/title>\n<meta name=\"robots\" content=\"index, follow, max-snippet:-1, max-image-preview:large, max-video-preview:-1\" \/>\n<link rel=\"canonical\" href=\"https:\/\/www.interreg-sverige-norge.com\/no\/elementor-14276\/\" \/>\n<meta property=\"og:locale\" content=\"nb_NO\" \/>\n<meta property=\"og:type\" content=\"article\" \/>\n<meta property=\"og:title\" content=\"Elementor #14276 - Interreg Sverige-Norge\" \/>\n<meta property=\"og:description\" content=\"Styringskomiteen har prioritert f\u00f8lgende fem prosjekter Sentrale Skandinavia Interregional sirkularitet i Midt-Skandinavia Prioritert omr\u00e5de: Gr\u00f8nnere grenseregion Spesifikt m\u00e5l: Fremme overgangen til en sirkul\u00e6r og ressurseffektiv \u00f8konomi Prosjektperiode: 1. januar 2025 &#8211; 31. desember 2027 Svensk prosjekteier: Glava Energy Centre Norsk prosjekteier: Vaager Innovation Samlet budsjett: 2 362 101 euro Bel\u00f8p EU-midler: 990 610 EUR Bel\u00f8p [&hellip;]\" \/>\n<meta property=\"og:url\" content=\"https:\/\/www.interreg-sverige-norge.com\/no\/elementor-14276\/\" \/>\n<meta property=\"og:site_name\" content=\"Interreg Sverige-Norge\" \/>\n<meta property=\"article:publisher\" content=\"https:\/\/www.facebook.com\/Interreg-Sverige-Norge-543432269147183\/\" \/>\n<meta property=\"article:modified_time\" content=\"2024-12-10T14:07:58+00:00\" \/>\n<meta name=\"twitter:card\" content=\"summary_large_image\" \/>\n<meta name=\"twitter:label1\" content=\"Ansl. lesetid\" \/>\n\t<meta name=\"twitter:data1\" content=\"1 minutt\" \/>\n<script type=\"application\/ld+json\" class=\"yoast-schema-graph\">{\"@context\":\"https:\\\/\\\/schema.org\",\"@graph\":[{\"@type\":\"WebPage\",\"@id\":\"https:\\\/\\\/www.interreg-sverige-norge.com\\\/no\\\/elementor-14276\\\/\",\"url\":\"https:\\\/\\\/www.interreg-sverige-norge.com\\\/no\\\/elementor-14276\\\/\",\"name\":\"Elementor #14276 - Interreg Sverige-Norge\",\"isPartOf\":{\"@id\":\"https:\\\/\\\/www.interreg-sverige-norge.com\\\/no\\\/#website\"},\"datePublished\":\"2024-12-10T13:56:20+00:00\",\"dateModified\":\"2024-12-10T14:07:58+00:00\",\"breadcrumb\":{\"@id\":\"https:\\\/\\\/www.interreg-sverige-norge.com\\\/no\\\/elementor-14276\\\/#breadcrumb\"},\"inLanguage\":\"nb-NO\",\"potentialAction\":[{\"@type\":\"ReadAction\",\"target\":[\"https:\\\/\\\/www.interreg-sverige-norge.com\\\/no\\\/elementor-14276\\\/\"]}]},{\"@type\":\"BreadcrumbList\",\"@id\":\"https:\\\/\\\/www.interreg-sverige-norge.com\\\/no\\\/elementor-14276\\\/#breadcrumb\",\"itemListElement\":[{\"@type\":\"ListItem\",\"position\":1,\"name\":\"Start\",\"item\":\"https:\\\/\\\/www.interreg-sverige-norge.com\\\/no\\\/\"},{\"@type\":\"ListItem\",\"position\":2,\"name\":\"Elementor #14276\"}]},{\"@type\":\"WebSite\",\"@id\":\"https:\\\/\\\/www.interreg-sverige-norge.com\\\/no\\\/#website\",\"url\":\"https:\\\/\\\/www.interreg-sverige-norge.com\\\/no\\\/\",\"name\":\"Interreg Sverige-Norge\",\"description\":\"\",\"publisher\":{\"@id\":\"https:\\\/\\\/www.interreg-sverige-norge.com\\\/no\\\/#organization\"},\"potentialAction\":[{\"@type\":\"SearchAction\",\"target\":{\"@type\":\"EntryPoint\",\"urlTemplate\":\"https:\\\/\\\/www.interreg-sverige-norge.com\\\/no\\\/?s={search_term_string}\"},\"query-input\":{\"@type\":\"PropertyValueSpecification\",\"valueRequired\":true,\"valueName\":\"search_term_string\"}}],\"inLanguage\":\"nb-NO\"},{\"@type\":\"Organization\",\"@id\":\"https:\\\/\\\/www.interreg-sverige-norge.com\\\/no\\\/#organization\",\"name\":\"Interreg Sverige\u2013Norge\",\"url\":\"https:\\\/\\\/www.interreg-sverige-norge.com\\\/no\\\/\",\"logo\":{\"@type\":\"ImageObject\",\"inLanguage\":\"nb-NO\",\"@id\":\"https:\\\/\\\/www.interreg-sverige-norge.com\\\/no\\\/#\\\/schema\\\/logo\\\/image\\\/\",\"url\":\"https:\\\/\\\/www.interreg-sverige-norge.com\\\/wp-content\\\/uploads\\\/Interreg-logo.svg\",\"contentUrl\":\"https:\\\/\\\/www.interreg-sverige-norge.com\\\/wp-content\\\/uploads\\\/Interreg-logo.svg\",\"width\":409,\"height\":91,\"caption\":\"Interreg Sverige\u2013Norge\"},\"image\":{\"@id\":\"https:\\\/\\\/www.interreg-sverige-norge.com\\\/no\\\/#\\\/schema\\\/logo\\\/image\\\/\"},\"sameAs\":[\"https:\\\/\\\/www.facebook.com\\\/Interreg-Sverige-Norge-543432269147183\\\/\",\"https:\\\/\\\/www.youtube.com\\\/channel\\\/UCkwTnZPG8RAJVCppT3vT1Eg\"]}]}<\/script>\n<!-- \/ Yoast SEO plugin. -->","yoast_head_json":{"title":"Elementor #14276 - Interreg Sverige-Norge","robots":{"index":"index","follow":"follow","max-snippet":"max-snippet:-1","max-image-preview":"max-image-preview:large","max-video-preview":"max-video-preview:-1"},"canonical":"https:\/\/www.interreg-sverige-norge.com\/no\/elementor-14276\/","og_locale":"nb_NO","og_type":"article","og_title":"Elementor #14276 - Interreg Sverige-Norge","og_description":"Styringskomiteen har prioritert f\u00f8lgende fem prosjekter Sentrale Skandinavia Interregional sirkularitet i Midt-Skandinavia Prioritert omr\u00e5de: Gr\u00f8nnere grenseregion Spesifikt m\u00e5l: Fremme overgangen til en sirkul\u00e6r og ressurseffektiv \u00f8konomi Prosjektperiode: 1. januar 2025 &#8211; 31. desember 2027 Svensk prosjekteier: Glava Energy Centre Norsk prosjekteier: Vaager Innovation Samlet budsjett: 2 362 101 euro Bel\u00f8p EU-midler: 990 610 EUR Bel\u00f8p [&hellip;]","og_url":"https:\/\/www.interreg-sverige-norge.com\/no\/elementor-14276\/","og_site_name":"Interreg Sverige-Norge","article_publisher":"https:\/\/www.facebook.com\/Interreg-Sverige-Norge-543432269147183\/","article_modified_time":"2024-12-10T14:07:58+00:00","twitter_card":"summary_large_image","twitter_misc":{"Ansl. lesetid":"1 minutt"},"schema":{"@context":"https:\/\/schema.org","@graph":[{"@type":"WebPage","@id":"https:\/\/www.interreg-sverige-norge.com\/no\/elementor-14276\/","url":"https:\/\/www.interreg-sverige-norge.com\/no\/elementor-14276\/","name":"Elementor #14276 - Interreg Sverige-Norge","isPartOf":{"@id":"https:\/\/www.interreg-sverige-norge.com\/no\/#website"},"datePublished":"2024-12-10T13:56:20+00:00","dateModified":"2024-12-10T14:07:58+00:00","breadcrumb":{"@id":"https:\/\/www.interreg-sverige-norge.com\/no\/elementor-14276\/#breadcrumb"},"inLanguage":"nb-NO","potentialAction":[{"@type":"ReadAction","target":["https:\/\/www.interreg-sverige-norge.com\/no\/elementor-14276\/"]}]},{"@type":"BreadcrumbList","@id":"https:\/\/www.interreg-sverige-norge.com\/no\/elementor-14276\/#breadcrumb","itemListElement":[{"@type":"ListItem","position":1,"name":"Start","item":"https:\/\/www.interreg-sverige-norge.com\/no\/"},{"@type":"ListItem","position":2,"name":"Elementor #14276"}]},{"@type":"WebSite","@id":"https:\/\/www.interreg-sverige-norge.com\/no\/#website","url":"https:\/\/www.interreg-sverige-norge.com\/no\/","name":"Interreg Sverige-Norge","description":"","publisher":{"@id":"https:\/\/www.interreg-sverige-norge.com\/no\/#organization"},"potentialAction":[{"@type":"SearchAction","target":{"@type":"EntryPoint","urlTemplate":"https:\/\/www.interreg-sverige-norge.com\/no\/?s={search_term_string}"},"query-input":{"@type":"PropertyValueSpecification","valueRequired":true,"valueName":"search_term_string"}}],"inLanguage":"nb-NO"},{"@type":"Organization","@id":"https:\/\/www.interreg-sverige-norge.com\/no\/#organization","name":"Interreg Sverige\u2013Norge","url":"https:\/\/www.interreg-sverige-norge.com\/no\/","logo":{"@type":"ImageObject","inLanguage":"nb-NO","@id":"https:\/\/www.interreg-sverige-norge.com\/no\/#\/schema\/logo\/image\/","url":"https:\/\/www.interreg-sverige-norge.com\/wp-content\/uploads\/Interreg-logo.svg","contentUrl":"https:\/\/www.interreg-sverige-norge.com\/wp-content\/uploads\/Interreg-logo.svg","width":409,"height":91,"caption":"Interreg Sverige\u2013Norge"},"image":{"@id":"https:\/\/www.interreg-sverige-norge.com\/no\/#\/schema\/logo\/image\/"},"sameAs":["https:\/\/www.facebook.com\/Interreg-Sverige-Norge-543432269147183\/","https:\/\/www.youtube.com\/channel\/UCkwTnZPG8RAJVCppT3vT1Eg"]}]}},"_links":{"self":[{"href":"https:\/\/www.interreg-sverige-norge.com\/no\/wp-json\/wp\/v2\/pages\/14284","targetHints":{"allow":["GET"]}}],"collection":[{"href":"https:\/\/www.interreg-sverige-norge.com\/no\/wp-json\/wp\/v2\/pages"}],"about":[{"href":"https:\/\/www.interreg-sverige-norge.com\/no\/wp-json\/wp\/v2\/types\/page"}],"author":[{"embeddable":true,"href":"https:\/\/www.interreg-sverige-norge.com\/no\/wp-json\/wp\/v2\/users\/6"}],"replies":[{"embeddable":true,"href":"https:\/\/www.interreg-sverige-norge.com\/no\/wp-json\/wp\/v2\/comments?post=14284"}],"version-history":[{"count":3,"href":"https:\/\/www.interreg-sverige-norge.com\/no\/wp-json\/wp\/v2\/pages\/14284\/revisions"}],"predecessor-version":[{"id":14287,"href":"https:\/\/www.interreg-sverige-norge.com\/no\/wp-json\/wp\/v2\/pages\/14284\/revisions\/14287"}],"wp:attachment":[{"href":"https:\/\/www.interreg-sverige-norge.com\/no\/wp-json\/wp\/v2\/media?parent=14284"}],"curies":[{"name":"wp","href":"https:\/\/api.w.org\/{rel}","templated":true}]}}