{"id":11776,"date":"2020-04-03T12:44:31","date_gmt":"2020-04-03T10:44:31","guid":{"rendered":"https:\/\/www.interreg-sverige-norge.com\/erklaering-om-tilgjengelighet\/"},"modified":"2024-01-10T20:02:57","modified_gmt":"2024-01-10T19:02:57","slug":"erklaering-om-tilgjengelighet","status":"publish","type":"page","link":"https:\/\/www.interreg-sverige-norge.com\/no\/erklaering-om-tilgjengelighet\/","title":{"rendered":"Erkl\u00e6ring om tilgjengelighet"},"content":{"rendered":"\t\t<div data-elementor-type=\"wp-page\" data-elementor-id=\"11776\" class=\"elementor elementor-11776 elementor-221\" data-elementor-post-type=\"page\">\n\t\t\t\t\t\t<section class=\"elementor-section elementor-top-section elementor-element elementor-element-8d55b87 elementor-section-boxed elementor-section-height-default elementor-section-height-default\" data-id=\"8d55b87\" data-element_type=\"section\" data-e-type=\"section\" data-settings=\"{&quot;jet_parallax_layout_list&quot;:[{&quot;jet_parallax_layout_image&quot;:{&quot;url&quot;:&quot;&quot;,&quot;id&quot;:&quot;&quot;,&quot;size&quot;:&quot;&quot;},&quot;_id&quot;:&quot;b52f8e2&quot;,&quot;jet_parallax_layout_image_widescreen&quot;:{&quot;url&quot;:&quot;&quot;,&quot;id&quot;:&quot;&quot;,&quot;size&quot;:&quot;&quot;},&quot;jet_parallax_layout_image_laptop&quot;:{&quot;url&quot;:&quot;&quot;,&quot;id&quot;:&quot;&quot;,&quot;size&quot;:&quot;&quot;},&quot;jet_parallax_layout_image_tablet&quot;:{&quot;url&quot;:&quot;&quot;,&quot;id&quot;:&quot;&quot;,&quot;size&quot;:&quot;&quot;},&quot;jet_parallax_layout_image_mobile&quot;:{&quot;url&quot;:&quot;&quot;,&quot;id&quot;:&quot;&quot;,&quot;size&quot;:&quot;&quot;},&quot;jet_parallax_layout_speed&quot;:{&quot;unit&quot;:&quot;%&quot;,&quot;size&quot;:50,&quot;sizes&quot;:[]},&quot;jet_parallax_layout_type&quot;:&quot;scroll&quot;,&quot;jet_parallax_layout_direction&quot;:&quot;1&quot;,&quot;jet_parallax_layout_fx_direction&quot;:null,&quot;jet_parallax_layout_z_index&quot;:&quot;&quot;,&quot;jet_parallax_layout_bg_x&quot;:50,&quot;jet_parallax_layout_bg_x_widescreen&quot;:&quot;&quot;,&quot;jet_parallax_layout_bg_x_laptop&quot;:&quot;&quot;,&quot;jet_parallax_layout_bg_x_tablet&quot;:&quot;&quot;,&quot;jet_parallax_layout_bg_x_mobile&quot;:&quot;&quot;,&quot;jet_parallax_layout_bg_y&quot;:50,&quot;jet_parallax_layout_bg_y_widescreen&quot;:&quot;&quot;,&quot;jet_parallax_layout_bg_y_laptop&quot;:&quot;&quot;,&quot;jet_parallax_layout_bg_y_tablet&quot;:&quot;&quot;,&quot;jet_parallax_layout_bg_y_mobile&quot;:&quot;&quot;,&quot;jet_parallax_layout_bg_size&quot;:&quot;auto&quot;,&quot;jet_parallax_layout_bg_size_widescreen&quot;:&quot;&quot;,&quot;jet_parallax_layout_bg_size_laptop&quot;:&quot;&quot;,&quot;jet_parallax_layout_bg_size_tablet&quot;:&quot;&quot;,&quot;jet_parallax_layout_bg_size_mobile&quot;:&quot;&quot;,&quot;jet_parallax_layout_animation_prop&quot;:&quot;transform&quot;,&quot;jet_parallax_layout_on&quot;:[&quot;desktop&quot;,&quot;tablet&quot;]}]}\">\n\t\t\t\t\t\t<div class=\"elementor-container elementor-column-gap-default\">\n\t\t\t\t\t<div class=\"elementor-column elementor-col-100 elementor-top-column elementor-element elementor-element-2037903\" data-id=\"2037903\" data-element_type=\"column\" data-e-type=\"column\">\n\t\t\t<div class=\"elementor-widget-wrap\">\n\t\t\t\t\t\t\t<\/div>\n\t\t<\/div>\n\t\t\t\t\t<\/div>\n\t\t<\/section>\n\t\t\t\t<section class=\"elementor-section elementor-top-section elementor-element elementor-element-400b23a2 elementor-section-boxed elementor-section-height-default elementor-section-height-default\" data-id=\"400b23a2\" data-element_type=\"section\" data-e-type=\"section\" data-settings=\"{&quot;jet_parallax_layout_list&quot;:[{&quot;jet_parallax_layout_image&quot;:{&quot;url&quot;:&quot;&quot;,&quot;id&quot;:&quot;&quot;,&quot;size&quot;:&quot;&quot;},&quot;_id&quot;:&quot;9137025&quot;,&quot;jet_parallax_layout_image_widescreen&quot;:{&quot;url&quot;:&quot;&quot;,&quot;id&quot;:&quot;&quot;,&quot;size&quot;:&quot;&quot;},&quot;jet_parallax_layout_image_laptop&quot;:{&quot;url&quot;:&quot;&quot;,&quot;id&quot;:&quot;&quot;,&quot;size&quot;:&quot;&quot;},&quot;jet_parallax_layout_image_tablet&quot;:{&quot;url&quot;:&quot;&quot;,&quot;id&quot;:&quot;&quot;,&quot;size&quot;:&quot;&quot;},&quot;jet_parallax_layout_image_mobile&quot;:{&quot;url&quot;:&quot;&quot;,&quot;id&quot;:&quot;&quot;,&quot;size&quot;:&quot;&quot;},&quot;jet_parallax_layout_speed&quot;:{&quot;unit&quot;:&quot;%&quot;,&quot;size&quot;:50,&quot;sizes&quot;:[]},&quot;jet_parallax_layout_type&quot;:&quot;scroll&quot;,&quot;jet_parallax_layout_direction&quot;:&quot;1&quot;,&quot;jet_parallax_layout_fx_direction&quot;:null,&quot;jet_parallax_layout_z_index&quot;:&quot;&quot;,&quot;jet_parallax_layout_bg_x&quot;:50,&quot;jet_parallax_layout_bg_x_widescreen&quot;:&quot;&quot;,&quot;jet_parallax_layout_bg_x_laptop&quot;:&quot;&quot;,&quot;jet_parallax_layout_bg_x_tablet&quot;:&quot;&quot;,&quot;jet_parallax_layout_bg_x_mobile&quot;:&quot;&quot;,&quot;jet_parallax_layout_bg_y&quot;:50,&quot;jet_parallax_layout_bg_y_widescreen&quot;:&quot;&quot;,&quot;jet_parallax_layout_bg_y_laptop&quot;:&quot;&quot;,&quot;jet_parallax_layout_bg_y_tablet&quot;:&quot;&quot;,&quot;jet_parallax_layout_bg_y_mobile&quot;:&quot;&quot;,&quot;jet_parallax_layout_bg_size&quot;:&quot;auto&quot;,&quot;jet_parallax_layout_bg_size_widescreen&quot;:&quot;&quot;,&quot;jet_parallax_layout_bg_size_laptop&quot;:&quot;&quot;,&quot;jet_parallax_layout_bg_size_tablet&quot;:&quot;&quot;,&quot;jet_parallax_layout_bg_size_mobile&quot;:&quot;&quot;,&quot;jet_parallax_layout_animation_prop&quot;:&quot;transform&quot;,&quot;jet_parallax_layout_on&quot;:[&quot;desktop&quot;,&quot;tablet&quot;]}]}\">\n\t\t\t\t\t\t<div class=\"elementor-container elementor-column-gap-default\">\n\t\t\t\t\t<div class=\"elementor-column elementor-col-100 elementor-top-column elementor-element elementor-element-382aa774\" data-id=\"382aa774\" data-element_type=\"column\" data-e-type=\"column\">\n\t\t\t<div class=\"elementor-widget-wrap elementor-element-populated\">\n\t\t\t\t\t\t<div class=\"elementor-element elementor-element-1e65fe21 elementor-widget elementor-widget-text-editor\" data-id=\"1e65fe21\" data-element_type=\"widget\" data-e-type=\"widget\" data-widget_type=\"text-editor.default\">\n\t\t\t\t<div class=\"elementor-widget-container\">\n\t\t\t\t\t\t\t\t\t<p><\/p>\n<p><strong>Interreg<em> Sverige\u2013Norge<\/em><\/strong> st\u00e5r bak denne siden. Vi \u00f8nsker at s\u00e5 mange som mulig skal kunne bruke nettsiden. Dette dokumentet beskriver hvordan interreg-sverige-norge.com forholder seg til lov om tilgjengelighet til digital offentlig tjeneste, eventuelle kjente tilgjengelighetsproblemer og hvordan du kan melde mangler til oss slik at vi kan utbedre dem.<\/p>\n<p><\/p>\n<p><\/p>\n<h2>Hvor tilgjengelig er nettsiden?<\/h2>\n<p><\/p>\n<p><\/p>\n<p>Denne nettsiden er delvis ikke i samsvar med loven om tilgjengelighet til digitale offentlige tjenester.<\/p>\n<p><\/p>\n<p><\/p>\n<h2>Hva kan du gj\u00f8re hvis du ikke kan bruke deler av siden?<\/h2>\n<p><\/p>\n<p><\/p>\n<p>Hvis du trenger informasjon fra nettstedet i et annet format, for eksempel tilgjengelig PDF, stor tekst, lettlest, lydopptak eller blindeskrift, kan du <a href=\"https:\/\/www.interreg-sverige-norge.com\/no\/kontakt-oss\/\">gi oss beskjed her.<\/a><\/p>\n<p><\/p>\n<p><\/p>\n<h2>Rapporter mangler i tilgjengeligheten til nettstedet<\/h2>\n<p><\/p>\n<p><\/p>\n<p>Vi jobber hele tiden med \u00e5 forbedre tilgjengeligheten til nettsiden. Hvis du oppdager problemer som ikke er beskrevet p\u00e5 denne siden, eller hvis du mener at vi ikke oppfyller lovens krav, <a href=\"\/lamna-synpunkter-pa-webbplatsen\/\">gi oss beskjed<\/a> slik at vi vet at problemet eksisterer.<\/p>\n<p><\/p>\n<p><\/p>\n<h2>Tilsyn<\/h2>\n<p><\/p>\n<p><\/p>\n<p>Myndigheten for digital forvaltning har ansvar for \u00e5 f\u00f8re tilsyn med lov om tilgjengelighet til digitale offentlige tjenester. Hvis du ikke er forn\u00f8yd med hvordan vi h\u00e5ndterer kommentarene dine, kan du<a href=\"https:\/\/www.digg.se\/tdosanmalan\">ta kontakt med Myndigheten for digital forvaltning<\/a> og irettesette den.<\/p>\n<p><\/p>\n<p><\/p>\n<h2>Teknisk informasjon om tilgjengeligheten til nettstedet<\/h2>\n<p><\/p>\n<p><\/p>\n<p>Denne nettsiden er delvis ikke-kompatibel med niv\u00e5 AA i standard retningslinjer for tilgjengelighet for nettinnhold versjon 2.1.<a href=\"https:\/\/www.w3.org\/TR\/WCAG21\"> Les mer p\u00e5 W3.org om retningslinjer for tilgjengelighet for nettinnhold versjon 2.1<\/a>.<\/p>\n<p><\/p>\n<p><\/p>\n<h3>Dette innholdet er ikke tilgjengelig:<\/h3>\n<p>Vi er klar over at deler av nettsiden ikke er fullt tilgjengelig. Hvilket innhold som for \u00f8yeblikket ikke er tilgjengelig er beskrevet nedenfor:<\/p>\n<p><\/p>\n<p><\/p>\n<ul>\n<li>Nettet inneholder kode som ikke f\u00f8lger nettstedets standarder og ikke validerer. WCAG-retningslinje 4.1.1.<\/li>\n<li>Nettets navigasjonsmeny er delvis ikke tilgjengelig ved kun \u00e5 bruke tastaturer p\u00e5 nettbrett og mobiler. WCAG-retningslinje 2.1.1.<\/li>\n<\/ul>\n<p><\/p>\n<p><\/p>\n<ul>\n<li>Noen bilder har ikke en beskrivelse, en s\u00e5kalt alt-tekst. Det betyr at brukere som ikke ser bildet ikke f\u00e5r en tilsvarende beskrivelse.<\/li>\n<li>Tab-rekkef\u00f8lgen er ikke logisk overalt p\u00e5 nettstedet.<\/li>\n<\/ul>\n<p><\/p>\n<p><\/p>\n<p><strong>Handlingsplan<\/strong><\/p>\n<p>Vi p\u00e5beroper oss \u00a712 un\u00f8dig belastning for utilgjengelige dokumenter. Akkurat n\u00e5<br>det arbeides med \u00e5 innf\u00f8re rutiner og tekniske l\u00f8sninger p\u00e5<br>gj\u00f8re innholdet i dokumentene tilgjengelig.<\/p>\n<p><\/p>\n<p><\/p>\n<h2>Hvordan vi testet nettstedet<\/h2>\n<p><\/p>\n<p><\/p>\n<p>Vi har gjort en egenvurdering (intern testing) av interreg-sverige-norge.com som ble gjennomg\u00e5tt og verifisert av ulike verkt\u00f8y som f.eks. <a href=\"https:\/\/wave.webaim.org\/\" target=\"_blank\" rel=\"noopener\">WAVE\u00ae<\/a> og <a href=\"https:\/\/web.dev\/measure\/\">Web.dev<\/a>.<\/p>\n<p><\/p>\t\t\t\t\t\t\t\t<\/div>\n\t\t\t\t<\/div>\n\t\t\t\t\t<\/div>\n\t\t<\/div>\n\t\t\t\t\t<\/div>\n\t\t<\/section>\n\t\t\t\t<\/div>\n\t\t","protected":false},"excerpt":{"rendered":"<p>Interreg Sverige\u2013Norge Interreg Sverige\u2013Norge st\u00e5r bak denne siden. Vi \u00f8nsker at s\u00e5 mange som mulig skal kunne bruke nettsiden. Dette dokumentet beskriver hvordan interreg-sverige-norge.com forholder seg til lov om tilgjengelighet til digital offentlig tjeneste, eventuelle kjente tilgjengelighetsproblemer og hvordan du kan melde mangler til oss slik at vi kan utbedre dem. Hvor tilgjengelig er nettsiden? [&hellip;]<\/p>\n","protected":false},"author":2,"featured_media":0,"parent":0,"menu_order":0,"comment_status":"closed","ping_status":"closed","template":"","meta":{"_jf_schedule_form":"","_jf_limit_responses":"","footnotes":""},"class_list":["post-11776","page","type-page","status-publish","hentry"],"yoast_head":"<!-- This site is optimized with the Yoast SEO plugin v27.4 - https:\/\/yoast.com\/product\/yoast-seo-wordpress\/ -->\n<title>Erkl\u00e6ring om tilgjengelighet - Interreg Sverige-Norge<\/title>\n<meta name=\"robots\" content=\"index, follow, max-snippet:-1, max-image-preview:large, max-video-preview:-1\" \/>\n<link rel=\"canonical\" href=\"https:\/\/www.interreg-sverige-norge.com\/no\/erklaering-om-tilgjengelighet\/\" \/>\n<meta property=\"og:locale\" content=\"nb_NO\" \/>\n<meta property=\"og:type\" content=\"article\" \/>\n<meta property=\"og:title\" content=\"Erkl\u00e6ring om tilgjengelighet - Interreg Sverige-Norge\" \/>\n<meta property=\"og:description\" content=\"Interreg Sverige\u2013Norge Interreg Sverige\u2013Norge st\u00e5r bak denne siden. Vi \u00f8nsker at s\u00e5 mange som mulig skal kunne bruke nettsiden. Dette dokumentet beskriver hvordan interreg-sverige-norge.com forholder seg til lov om tilgjengelighet til digital offentlig tjeneste, eventuelle kjente tilgjengelighetsproblemer og hvordan du kan melde mangler til oss slik at vi kan utbedre dem. Hvor tilgjengelig er nettsiden? [&hellip;]\" \/>\n<meta property=\"og:url\" content=\"https:\/\/www.interreg-sverige-norge.com\/no\/erklaering-om-tilgjengelighet\/\" \/>\n<meta property=\"og:site_name\" content=\"Interreg Sverige-Norge\" \/>\n<meta property=\"article:publisher\" content=\"https:\/\/www.facebook.com\/Interreg-Sverige-Norge-543432269147183\/\" \/>\n<meta property=\"article:modified_time\" content=\"2024-01-10T19:02:57+00:00\" \/>\n<meta name=\"twitter:card\" content=\"summary_large_image\" \/>\n<meta name=\"twitter:label1\" content=\"Ansl. lesetid\" \/>\n\t<meta name=\"twitter:data1\" content=\"2 minutter\" \/>\n<script type=\"application\/ld+json\" class=\"yoast-schema-graph\">{\"@context\":\"https:\\\/\\\/schema.org\",\"@graph\":[{\"@type\":\"WebPage\",\"@id\":\"https:\\\/\\\/www.interreg-sverige-norge.com\\\/no\\\/erklaering-om-tilgjengelighet\\\/\",\"url\":\"https:\\\/\\\/www.interreg-sverige-norge.com\\\/no\\\/erklaering-om-tilgjengelighet\\\/\",\"name\":\"Erkl\u00e6ring om tilgjengelighet - Interreg Sverige-Norge\",\"isPartOf\":{\"@id\":\"https:\\\/\\\/www.interreg-sverige-norge.com\\\/no\\\/#website\"},\"datePublished\":\"2020-04-03T10:44:31+00:00\",\"dateModified\":\"2024-01-10T19:02:57+00:00\",\"breadcrumb\":{\"@id\":\"https:\\\/\\\/www.interreg-sverige-norge.com\\\/no\\\/erklaering-om-tilgjengelighet\\\/#breadcrumb\"},\"inLanguage\":\"nb-NO\",\"potentialAction\":[{\"@type\":\"ReadAction\",\"target\":[\"https:\\\/\\\/www.interreg-sverige-norge.com\\\/no\\\/erklaering-om-tilgjengelighet\\\/\"]}]},{\"@type\":\"BreadcrumbList\",\"@id\":\"https:\\\/\\\/www.interreg-sverige-norge.com\\\/no\\\/erklaering-om-tilgjengelighet\\\/#breadcrumb\",\"itemListElement\":[{\"@type\":\"ListItem\",\"position\":1,\"name\":\"Start\",\"item\":\"https:\\\/\\\/www.interreg-sverige-norge.com\\\/no\\\/\"},{\"@type\":\"ListItem\",\"position\":2,\"name\":\"Erkl\u00e6ring om tilgjengelighet\"}]},{\"@type\":\"WebSite\",\"@id\":\"https:\\\/\\\/www.interreg-sverige-norge.com\\\/no\\\/#website\",\"url\":\"https:\\\/\\\/www.interreg-sverige-norge.com\\\/no\\\/\",\"name\":\"Interreg Sverige-Norge\",\"description\":\"\",\"publisher\":{\"@id\":\"https:\\\/\\\/www.interreg-sverige-norge.com\\\/no\\\/#organization\"},\"potentialAction\":[{\"@type\":\"SearchAction\",\"target\":{\"@type\":\"EntryPoint\",\"urlTemplate\":\"https:\\\/\\\/www.interreg-sverige-norge.com\\\/no\\\/?s={search_term_string}\"},\"query-input\":{\"@type\":\"PropertyValueSpecification\",\"valueRequired\":true,\"valueName\":\"search_term_string\"}}],\"inLanguage\":\"nb-NO\"},{\"@type\":\"Organization\",\"@id\":\"https:\\\/\\\/www.interreg-sverige-norge.com\\\/no\\\/#organization\",\"name\":\"Interreg Sverige\u2013Norge\",\"url\":\"https:\\\/\\\/www.interreg-sverige-norge.com\\\/no\\\/\",\"logo\":{\"@type\":\"ImageObject\",\"inLanguage\":\"nb-NO\",\"@id\":\"https:\\\/\\\/www.interreg-sverige-norge.com\\\/no\\\/#\\\/schema\\\/logo\\\/image\\\/\",\"url\":\"https:\\\/\\\/www.interreg-sverige-norge.com\\\/wp-content\\\/uploads\\\/Interreg-logo.svg\",\"contentUrl\":\"https:\\\/\\\/www.interreg-sverige-norge.com\\\/wp-content\\\/uploads\\\/Interreg-logo.svg\",\"width\":409,\"height\":91,\"caption\":\"Interreg Sverige\u2013Norge\"},\"image\":{\"@id\":\"https:\\\/\\\/www.interreg-sverige-norge.com\\\/no\\\/#\\\/schema\\\/logo\\\/image\\\/\"},\"sameAs\":[\"https:\\\/\\\/www.facebook.com\\\/Interreg-Sverige-Norge-543432269147183\\\/\",\"https:\\\/\\\/www.youtube.com\\\/channel\\\/UCkwTnZPG8RAJVCppT3vT1Eg\"]}]}<\/script>\n<!-- \/ Yoast SEO plugin. -->","yoast_head_json":{"title":"Erkl\u00e6ring om tilgjengelighet - Interreg Sverige-Norge","robots":{"index":"index","follow":"follow","max-snippet":"max-snippet:-1","max-image-preview":"max-image-preview:large","max-video-preview":"max-video-preview:-1"},"canonical":"https:\/\/www.interreg-sverige-norge.com\/no\/erklaering-om-tilgjengelighet\/","og_locale":"nb_NO","og_type":"article","og_title":"Erkl\u00e6ring om tilgjengelighet - Interreg Sverige-Norge","og_description":"Interreg Sverige\u2013Norge Interreg Sverige\u2013Norge st\u00e5r bak denne siden. Vi \u00f8nsker at s\u00e5 mange som mulig skal kunne bruke nettsiden. Dette dokumentet beskriver hvordan interreg-sverige-norge.com forholder seg til lov om tilgjengelighet til digital offentlig tjeneste, eventuelle kjente tilgjengelighetsproblemer og hvordan du kan melde mangler til oss slik at vi kan utbedre dem. Hvor tilgjengelig er nettsiden? [&hellip;]","og_url":"https:\/\/www.interreg-sverige-norge.com\/no\/erklaering-om-tilgjengelighet\/","og_site_name":"Interreg Sverige-Norge","article_publisher":"https:\/\/www.facebook.com\/Interreg-Sverige-Norge-543432269147183\/","article_modified_time":"2024-01-10T19:02:57+00:00","twitter_card":"summary_large_image","twitter_misc":{"Ansl. lesetid":"2 minutter"},"schema":{"@context":"https:\/\/schema.org","@graph":[{"@type":"WebPage","@id":"https:\/\/www.interreg-sverige-norge.com\/no\/erklaering-om-tilgjengelighet\/","url":"https:\/\/www.interreg-sverige-norge.com\/no\/erklaering-om-tilgjengelighet\/","name":"Erkl\u00e6ring om tilgjengelighet - Interreg Sverige-Norge","isPartOf":{"@id":"https:\/\/www.interreg-sverige-norge.com\/no\/#website"},"datePublished":"2020-04-03T10:44:31+00:00","dateModified":"2024-01-10T19:02:57+00:00","breadcrumb":{"@id":"https:\/\/www.interreg-sverige-norge.com\/no\/erklaering-om-tilgjengelighet\/#breadcrumb"},"inLanguage":"nb-NO","potentialAction":[{"@type":"ReadAction","target":["https:\/\/www.interreg-sverige-norge.com\/no\/erklaering-om-tilgjengelighet\/"]}]},{"@type":"BreadcrumbList","@id":"https:\/\/www.interreg-sverige-norge.com\/no\/erklaering-om-tilgjengelighet\/#breadcrumb","itemListElement":[{"@type":"ListItem","position":1,"name":"Start","item":"https:\/\/www.interreg-sverige-norge.com\/no\/"},{"@type":"ListItem","position":2,"name":"Erkl\u00e6ring om tilgjengelighet"}]},{"@type":"WebSite","@id":"https:\/\/www.interreg-sverige-norge.com\/no\/#website","url":"https:\/\/www.interreg-sverige-norge.com\/no\/","name":"Interreg Sverige-Norge","description":"","publisher":{"@id":"https:\/\/www.interreg-sverige-norge.com\/no\/#organization"},"potentialAction":[{"@type":"SearchAction","target":{"@type":"EntryPoint","urlTemplate":"https:\/\/www.interreg-sverige-norge.com\/no\/?s={search_term_string}"},"query-input":{"@type":"PropertyValueSpecification","valueRequired":true,"valueName":"search_term_string"}}],"inLanguage":"nb-NO"},{"@type":"Organization","@id":"https:\/\/www.interreg-sverige-norge.com\/no\/#organization","name":"Interreg Sverige\u2013Norge","url":"https:\/\/www.interreg-sverige-norge.com\/no\/","logo":{"@type":"ImageObject","inLanguage":"nb-NO","@id":"https:\/\/www.interreg-sverige-norge.com\/no\/#\/schema\/logo\/image\/","url":"https:\/\/www.interreg-sverige-norge.com\/wp-content\/uploads\/Interreg-logo.svg","contentUrl":"https:\/\/www.interreg-sverige-norge.com\/wp-content\/uploads\/Interreg-logo.svg","width":409,"height":91,"caption":"Interreg Sverige\u2013Norge"},"image":{"@id":"https:\/\/www.interreg-sverige-norge.com\/no\/#\/schema\/logo\/image\/"},"sameAs":["https:\/\/www.facebook.com\/Interreg-Sverige-Norge-543432269147183\/","https:\/\/www.youtube.com\/channel\/UCkwTnZPG8RAJVCppT3vT1Eg"]}]}},"_links":{"self":[{"href":"https:\/\/www.interreg-sverige-norge.com\/no\/wp-json\/wp\/v2\/pages\/11776","targetHints":{"allow":["GET"]}}],"collection":[{"href":"https:\/\/www.interreg-sverige-norge.com\/no\/wp-json\/wp\/v2\/pages"}],"about":[{"href":"https:\/\/www.interreg-sverige-norge.com\/no\/wp-json\/wp\/v2\/types\/page"}],"author":[{"embeddable":true,"href":"https:\/\/www.interreg-sverige-norge.com\/no\/wp-json\/wp\/v2\/users\/2"}],"replies":[{"embeddable":true,"href":"https:\/\/www.interreg-sverige-norge.com\/no\/wp-json\/wp\/v2\/comments?post=11776"}],"version-history":[{"count":0,"href":"https:\/\/www.interreg-sverige-norge.com\/no\/wp-json\/wp\/v2\/pages\/11776\/revisions"}],"wp:attachment":[{"href":"https:\/\/www.interreg-sverige-norge.com\/no\/wp-json\/wp\/v2\/media?parent=11776"}],"curies":[{"name":"wp","href":"https:\/\/api.w.org\/{rel}","templated":true}]}}