{"id":11774,"date":"2021-12-01T16:33:57","date_gmt":"2021-12-01T15:33:57","guid":{"rendered":"https:\/\/www.interreg-sverige-norge.com\/prosjekthandboken\/"},"modified":"2025-12-16T15:48:17","modified_gmt":"2025-12-16T14:48:17","slug":"prosjekthandboken","status":"publish","type":"page","link":"https:\/\/www.interreg-sverige-norge.com\/no\/prosjekthandboken\/","title":{"rendered":"Prosjekth\u00e5ndboken"},"content":{"rendered":"\t\t<div data-elementor-type=\"wp-page\" data-elementor-id=\"11774\" class=\"elementor elementor-11774 elementor-2839\" data-elementor-post-type=\"page\">\n\t\t\t\t\t\t<section class=\"elementor-section elementor-top-section elementor-element elementor-element-8210ef8 elementor-section-full_width elementor-section-height-min-height diagonal-column elementor-section-height-default elementor-section-items-middle\" data-id=\"8210ef8\" data-element_type=\"section\" data-e-type=\"section\" data-settings=\"{&quot;background_background&quot;:&quot;classic&quot;,&quot;jet_parallax_layout_list&quot;:[{&quot;jet_parallax_layout_image&quot;:{&quot;url&quot;:&quot;&quot;,&quot;id&quot;:&quot;&quot;,&quot;size&quot;:&quot;&quot;},&quot;_id&quot;:&quot;580d122&quot;,&quot;jet_parallax_layout_image_widescreen&quot;:{&quot;url&quot;:&quot;&quot;,&quot;id&quot;:&quot;&quot;,&quot;size&quot;:&quot;&quot;},&quot;jet_parallax_layout_image_laptop&quot;:{&quot;url&quot;:&quot;&quot;,&quot;id&quot;:&quot;&quot;,&quot;size&quot;:&quot;&quot;},&quot;jet_parallax_layout_image_tablet&quot;:{&quot;url&quot;:&quot;&quot;,&quot;id&quot;:&quot;&quot;,&quot;size&quot;:&quot;&quot;},&quot;jet_parallax_layout_image_mobile&quot;:{&quot;url&quot;:&quot;&quot;,&quot;id&quot;:&quot;&quot;,&quot;size&quot;:&quot;&quot;},&quot;jet_parallax_layout_speed&quot;:{&quot;unit&quot;:&quot;%&quot;,&quot;size&quot;:50,&quot;sizes&quot;:[]},&quot;jet_parallax_layout_type&quot;:&quot;scroll&quot;,&quot;jet_parallax_layout_direction&quot;:&quot;1&quot;,&quot;jet_parallax_layout_fx_direction&quot;:null,&quot;jet_parallax_layout_z_index&quot;:&quot;&quot;,&quot;jet_parallax_layout_bg_x&quot;:50,&quot;jet_parallax_layout_bg_x_widescreen&quot;:&quot;&quot;,&quot;jet_parallax_layout_bg_x_laptop&quot;:&quot;&quot;,&quot;jet_parallax_layout_bg_x_tablet&quot;:&quot;&quot;,&quot;jet_parallax_layout_bg_x_mobile&quot;:&quot;&quot;,&quot;jet_parallax_layout_bg_y&quot;:50,&quot;jet_parallax_layout_bg_y_widescreen&quot;:&quot;&quot;,&quot;jet_parallax_layout_bg_y_laptop&quot;:&quot;&quot;,&quot;jet_parallax_layout_bg_y_tablet&quot;:&quot;&quot;,&quot;jet_parallax_layout_bg_y_mobile&quot;:&quot;&quot;,&quot;jet_parallax_layout_bg_size&quot;:&quot;auto&quot;,&quot;jet_parallax_layout_bg_size_widescreen&quot;:&quot;&quot;,&quot;jet_parallax_layout_bg_size_laptop&quot;:&quot;&quot;,&quot;jet_parallax_layout_bg_size_tablet&quot;:&quot;&quot;,&quot;jet_parallax_layout_bg_size_mobile&quot;:&quot;&quot;,&quot;jet_parallax_layout_animation_prop&quot;:&quot;transform&quot;,&quot;jet_parallax_layout_on&quot;:[&quot;desktop&quot;,&quot;tablet&quot;]}]}\">\n\t\t\t\t\t\t\t<div class=\"elementor-background-overlay\"><\/div>\n\t\t\t\t\t\t\t<div class=\"elementor-container elementor-column-gap-no\">\n\t\t\t\t\t<div class=\"elementor-column elementor-col-50 elementor-top-column elementor-element elementor-element-f4626af\" data-id=\"f4626af\" data-element_type=\"column\" data-e-type=\"column\">\n\t\t\t<div class=\"elementor-widget-wrap elementor-element-populated\">\n\t\t\t\t\t\t<div class=\"elementor-element elementor-element-ead6b5a elementor-widget elementor-widget-spacer\" data-id=\"ead6b5a\" data-element_type=\"widget\" data-e-type=\"widget\" data-widget_type=\"spacer.default\">\n\t\t\t\t<div class=\"elementor-widget-container\">\n\t\t\t\t\t\t\t<div class=\"elementor-spacer\">\n\t\t\t<div class=\"elementor-spacer-inner\"><\/div>\n\t\t<\/div>\n\t\t\t\t\t\t<\/div>\n\t\t\t\t<\/div>\n\t\t\t\t\t<\/div>\n\t\t<\/div>\n\t\t\t\t<div class=\"elementor-column elementor-col-50 elementor-top-column elementor-element elementor-element-505fde9\" data-id=\"505fde9\" data-element_type=\"column\" data-e-type=\"column\" data-settings=\"{&quot;background_background&quot;:&quot;classic&quot;}\">\n\t\t\t<div class=\"elementor-widget-wrap elementor-element-populated\">\n\t\t\t\t\t\t<div class=\"elementor-element elementor-element-e5fed66 elementor-widget elementor-widget-heading\" data-id=\"e5fed66\" data-element_type=\"widget\" data-e-type=\"widget\" data-widget_type=\"heading.default\">\n\t\t\t\t<div class=\"elementor-widget-container\">\n\t\t\t\t\t<h1 class=\"elementor-heading-title elementor-size-default\">Prosjekth\u00e5ndboken<\/h1>\t\t\t\t<\/div>\n\t\t\t\t<\/div>\n\t\t\t\t\t<\/div>\n\t\t<\/div>\n\t\t\t\t\t<\/div>\n\t\t<\/section>\n\t\t\t\t<section class=\"elementor-section elementor-top-section elementor-element elementor-element-7a56d73 elementor-section-boxed elementor-section-height-default elementor-section-height-default\" data-id=\"7a56d73\" data-element_type=\"section\" data-e-type=\"section\" data-settings=\"{&quot;jet_parallax_layout_list&quot;:[{&quot;jet_parallax_layout_image&quot;:{&quot;url&quot;:&quot;&quot;,&quot;id&quot;:&quot;&quot;,&quot;size&quot;:&quot;&quot;},&quot;_id&quot;:&quot;b52f8e2&quot;,&quot;jet_parallax_layout_image_widescreen&quot;:{&quot;url&quot;:&quot;&quot;,&quot;id&quot;:&quot;&quot;,&quot;size&quot;:&quot;&quot;},&quot;jet_parallax_layout_image_laptop&quot;:{&quot;url&quot;:&quot;&quot;,&quot;id&quot;:&quot;&quot;,&quot;size&quot;:&quot;&quot;},&quot;jet_parallax_layout_image_tablet&quot;:{&quot;url&quot;:&quot;&quot;,&quot;id&quot;:&quot;&quot;,&quot;size&quot;:&quot;&quot;},&quot;jet_parallax_layout_image_mobile&quot;:{&quot;url&quot;:&quot;&quot;,&quot;id&quot;:&quot;&quot;,&quot;size&quot;:&quot;&quot;},&quot;jet_parallax_layout_speed&quot;:{&quot;unit&quot;:&quot;%&quot;,&quot;size&quot;:50,&quot;sizes&quot;:[]},&quot;jet_parallax_layout_type&quot;:&quot;scroll&quot;,&quot;jet_parallax_layout_direction&quot;:&quot;1&quot;,&quot;jet_parallax_layout_fx_direction&quot;:null,&quot;jet_parallax_layout_z_index&quot;:&quot;&quot;,&quot;jet_parallax_layout_bg_x&quot;:50,&quot;jet_parallax_layout_bg_x_widescreen&quot;:&quot;&quot;,&quot;jet_parallax_layout_bg_x_laptop&quot;:&quot;&quot;,&quot;jet_parallax_layout_bg_x_tablet&quot;:&quot;&quot;,&quot;jet_parallax_layout_bg_x_mobile&quot;:&quot;&quot;,&quot;jet_parallax_layout_bg_y&quot;:50,&quot;jet_parallax_layout_bg_y_widescreen&quot;:&quot;&quot;,&quot;jet_parallax_layout_bg_y_laptop&quot;:&quot;&quot;,&quot;jet_parallax_layout_bg_y_tablet&quot;:&quot;&quot;,&quot;jet_parallax_layout_bg_y_mobile&quot;:&quot;&quot;,&quot;jet_parallax_layout_bg_size&quot;:&quot;auto&quot;,&quot;jet_parallax_layout_bg_size_widescreen&quot;:&quot;&quot;,&quot;jet_parallax_layout_bg_size_laptop&quot;:&quot;&quot;,&quot;jet_parallax_layout_bg_size_tablet&quot;:&quot;&quot;,&quot;jet_parallax_layout_bg_size_mobile&quot;:&quot;&quot;,&quot;jet_parallax_layout_animation_prop&quot;:&quot;transform&quot;,&quot;jet_parallax_layout_on&quot;:[&quot;desktop&quot;,&quot;tablet&quot;]}]}\">\n\t\t\t\t\t\t<div class=\"elementor-container elementor-column-gap-default\">\n\t\t\t\t\t<div class=\"elementor-column elementor-col-100 elementor-top-column elementor-element elementor-element-6121c4a\" data-id=\"6121c4a\" data-element_type=\"column\" data-e-type=\"column\">\n\t\t\t<div class=\"elementor-widget-wrap\">\n\t\t\t\t\t\t\t<\/div>\n\t\t<\/div>\n\t\t\t\t\t<\/div>\n\t\t<\/section>\n\t\t\t\t<section class=\"elementor-section elementor-top-section elementor-element elementor-element-6a2b6b5 elementor-section-boxed elementor-section-height-default elementor-section-height-default\" data-id=\"6a2b6b5\" data-element_type=\"section\" data-e-type=\"section\" data-settings=\"{&quot;jet_parallax_layout_list&quot;:[{&quot;jet_parallax_layout_image&quot;:{&quot;url&quot;:&quot;&quot;,&quot;id&quot;:&quot;&quot;,&quot;size&quot;:&quot;&quot;},&quot;_id&quot;:&quot;0c9e3d4&quot;,&quot;jet_parallax_layout_image_widescreen&quot;:{&quot;url&quot;:&quot;&quot;,&quot;id&quot;:&quot;&quot;,&quot;size&quot;:&quot;&quot;},&quot;jet_parallax_layout_image_laptop&quot;:{&quot;url&quot;:&quot;&quot;,&quot;id&quot;:&quot;&quot;,&quot;size&quot;:&quot;&quot;},&quot;jet_parallax_layout_image_tablet&quot;:{&quot;url&quot;:&quot;&quot;,&quot;id&quot;:&quot;&quot;,&quot;size&quot;:&quot;&quot;},&quot;jet_parallax_layout_image_mobile&quot;:{&quot;url&quot;:&quot;&quot;,&quot;id&quot;:&quot;&quot;,&quot;size&quot;:&quot;&quot;},&quot;jet_parallax_layout_speed&quot;:{&quot;unit&quot;:&quot;%&quot;,&quot;size&quot;:50,&quot;sizes&quot;:[]},&quot;jet_parallax_layout_type&quot;:&quot;scroll&quot;,&quot;jet_parallax_layout_direction&quot;:&quot;1&quot;,&quot;jet_parallax_layout_fx_direction&quot;:null,&quot;jet_parallax_layout_z_index&quot;:&quot;&quot;,&quot;jet_parallax_layout_bg_x&quot;:50,&quot;jet_parallax_layout_bg_x_widescreen&quot;:&quot;&quot;,&quot;jet_parallax_layout_bg_x_laptop&quot;:&quot;&quot;,&quot;jet_parallax_layout_bg_x_tablet&quot;:&quot;&quot;,&quot;jet_parallax_layout_bg_x_mobile&quot;:&quot;&quot;,&quot;jet_parallax_layout_bg_y&quot;:50,&quot;jet_parallax_layout_bg_y_widescreen&quot;:&quot;&quot;,&quot;jet_parallax_layout_bg_y_laptop&quot;:&quot;&quot;,&quot;jet_parallax_layout_bg_y_tablet&quot;:&quot;&quot;,&quot;jet_parallax_layout_bg_y_mobile&quot;:&quot;&quot;,&quot;jet_parallax_layout_bg_size&quot;:&quot;auto&quot;,&quot;jet_parallax_layout_bg_size_widescreen&quot;:&quot;&quot;,&quot;jet_parallax_layout_bg_size_laptop&quot;:&quot;&quot;,&quot;jet_parallax_layout_bg_size_tablet&quot;:&quot;&quot;,&quot;jet_parallax_layout_bg_size_mobile&quot;:&quot;&quot;,&quot;jet_parallax_layout_animation_prop&quot;:&quot;transform&quot;,&quot;jet_parallax_layout_on&quot;:[&quot;desktop&quot;,&quot;tablet&quot;]}]}\">\n\t\t\t\t\t\t<div class=\"elementor-container elementor-column-gap-default\">\n\t\t\t\t\t<div class=\"elementor-column elementor-col-33 elementor-top-column elementor-element elementor-element-f94ae3e\" data-id=\"f94ae3e\" data-element_type=\"column\" data-e-type=\"column\">\n\t\t\t<div class=\"elementor-widget-wrap elementor-element-populated\">\n\t\t\t\t\t\t<div class=\"elementor-element elementor-element-02f5910 elementor-widget elementor-widget-table-of-contents\" data-id=\"02f5910\" data-element_type=\"widget\" data-e-type=\"widget\" data-settings=\"{&quot;sticky&quot;:&quot;top&quot;,&quot;sticky_offset&quot;:100,&quot;sticky_effects_offset&quot;:50,&quot;sticky_parent&quot;:&quot;yes&quot;,&quot;no_headings_message&quot;:&quot;Inga rubriker hittades p\\u00e5 denna sida.&quot;,&quot;headings_by_tags&quot;:[&quot;h2&quot;,&quot;h3&quot;,&quot;h4&quot;,&quot;h5&quot;,&quot;h6&quot;],&quot;marker_view&quot;:&quot;numbers&quot;,&quot;hierarchical_view&quot;:&quot;yes&quot;,&quot;min_height&quot;:{&quot;unit&quot;:&quot;px&quot;,&quot;size&quot;:&quot;&quot;,&quot;sizes&quot;:[]},&quot;min_height_widescreen&quot;:{&quot;unit&quot;:&quot;px&quot;,&quot;size&quot;:&quot;&quot;,&quot;sizes&quot;:[]},&quot;min_height_laptop&quot;:{&quot;unit&quot;:&quot;px&quot;,&quot;size&quot;:&quot;&quot;,&quot;sizes&quot;:[]},&quot;min_height_tablet&quot;:{&quot;unit&quot;:&quot;px&quot;,&quot;size&quot;:&quot;&quot;,&quot;sizes&quot;:[]},&quot;min_height_mobile&quot;:{&quot;unit&quot;:&quot;px&quot;,&quot;size&quot;:&quot;&quot;,&quot;sizes&quot;:[]},&quot;sticky_on&quot;:[&quot;widescreen&quot;,&quot;desktop&quot;,&quot;laptop&quot;,&quot;tablet&quot;,&quot;mobile&quot;],&quot;sticky_anchor_link_offset&quot;:0}\" data-widget_type=\"table-of-contents.default\">\n\t\t\t\t<div class=\"elementor-widget-container\">\n\t\t\t\t\t\t\t\t\t<div class=\"elementor-toc__header\">\n\t\t\t\t\t\t<h4 class=\"elementor-toc__header-title\">\n\t\t\t\tProsjekth\u00e5ndboken\t\t\t<\/h4>\n\t\t\t\t\t\t\t\t<\/div>\n\t\t\t\t<div id=\"elementor-toc__02f5910\" class=\"elementor-toc__body\">\n\t\t\t<div class=\"elementor-toc__spinner-container\">\n\t\t\t\t<i class=\"elementor-toc__spinner eicon-animation-spin eicon-loading\" aria-hidden=\"true\"><\/i>\t\t\t<\/div>\n\t\t<\/div>\n\t\t\t\t\t\t<\/div>\n\t\t\t\t<\/div>\n\t\t\t\t<div class=\"elementor-element elementor-element-bb300b1 elementor-widget elementor-widget-button\" data-id=\"bb300b1\" data-element_type=\"widget\" data-e-type=\"widget\" id=\"download\" data-settings=\"{&quot;sticky&quot;:&quot;top&quot;,&quot;sticky_offset&quot;:500,&quot;sticky_parent&quot;:&quot;yes&quot;,&quot;sticky_effects_offset&quot;:50,&quot;sticky_on&quot;:[&quot;widescreen&quot;,&quot;desktop&quot;,&quot;laptop&quot;,&quot;tablet&quot;,&quot;mobile&quot;],&quot;sticky_anchor_link_offset&quot;:0}\" data-widget_type=\"button.default\">\n\t\t\t\t<div class=\"elementor-widget-container\">\n\t\t\t\t\t\t\t\t\t<div class=\"elementor-button-wrapper\">\n\t\t\t\t\t<a class=\"elementor-button elementor-button-link elementor-size-sm\" href=\"https:\/\/www.interreg-sverige-norge.com\/wp-content\/uploads\/Prosjekthandbok-publisert-versjon-8-16-december-2025.pdf\" target=\"_blank\">\n\t\t\t\t\t\t<span class=\"elementor-button-content-wrapper\">\n\t\t\t\t\t\t<span class=\"elementor-button-icon\">\n\t\t\t\t<i aria-hidden=\"true\" class=\"fas fa-download\"><\/i>\t\t\t<\/span>\n\t\t\t\t\t\t\t\t\t<span class=\"elementor-button-text\"> Last ned i PDF-format<\/span>\n\t\t\t\t\t<\/span>\n\t\t\t\t\t<\/a>\n\t\t\t\t<\/div>\n\t\t\t\t\t\t\t\t<\/div>\n\t\t\t\t<\/div>\n\t\t\t\t\t<\/div>\n\t\t<\/div>\n\t\t\t\t<div class=\"elementor-column elementor-col-66 elementor-top-column elementor-element elementor-element-1b900e6\" data-id=\"1b900e6\" data-element_type=\"column\" data-e-type=\"column\">\n\t\t\t<div class=\"elementor-widget-wrap elementor-element-populated\">\n\t\t\t\t\t\t<div class=\"elementor-element elementor-element-c7b9f4d elementor-widget elementor-widget-heading\" data-id=\"c7b9f4d\" data-element_type=\"widget\" data-e-type=\"widget\" data-widget_type=\"heading.default\">\n\t\t\t\t<div class=\"elementor-widget-container\">\n\t\t\t\t\t<h2 class=\"elementor-heading-title elementor-size-default\">Veiledning og st\u00f8tte<\/h2>\t\t\t\t<\/div>\n\t\t\t\t<\/div>\n\t\t\t\t<div class=\"elementor-element elementor-element-cfd7559 elementor-widget elementor-widget-text-editor\" data-id=\"cfd7559\" data-element_type=\"widget\" data-e-type=\"widget\" data-widget_type=\"text-editor.default\">\n\t\t\t\t<div class=\"elementor-widget-container\">\n\t\t\t\t\t\t\t\t\t<p>Som veiledning og st\u00f8tte har vi laget en prosjekth\u00e5ndbok. Der finner du alt du trenger \u00e5 vite om hvordan du s\u00f8ker<span style=\"color: var( --e-global-color-ccf5b65 ); font-family: var( --e-global-typography-1ccda22-font-family ), Verdana; font-size: var( --e-global-typography-1ccda22-font-size ); font-weight: var( --e-global-typography-1ccda22-font-weight ); letter-spacing: var( --e-global-typography-1ccda22-letter-spacing ); word-spacing: var( --e-global-typography-1ccda22-word-spacing );\"> et prosjekt i Interreg Sverige-Norge Det er alltid siste publiserte versjon som gjelder. <\/span><\/p>\t\t\t\t\t\t\t\t<\/div>\n\t\t\t\t<\/div>\n\t\t\t\t<div class=\"elementor-element elementor-element-cd255bf elementor-widget elementor-widget-pvfw_iframe_shortcode\" data-id=\"cd255bf\" data-element_type=\"widget\" data-e-type=\"widget\" data-widget_type=\"pvfw_iframe_shortcode.default\">\n\t\t\t\t<div class=\"elementor-widget-container\">\n\t\t\t\t\t<a class=\"fullscreen-mode\" href=\"https:\/\/www.interreg-sverige-norge.com\/themencode-pdf-viewer-sc\/?tnc_pvfw=ZmlsZT1odHRwczovL3d3dy5pbnRlcnJlZy1zdmVyaWdlLW5vcmdlLmNvbS93cC1jb250ZW50L3VwbG9hZHMvUHJvc2pla3RoYW5kYm9rLXB1Ymxpc2VydC12ZXJzam9uLTgtMTYtZGVjZW1iZXItMjAyNS5wZGYmc2V0dGluZ3M9MTExMTAxMDExMTAxMDExMTExMiZsYW5nPXN2LVNF#page=true&zoom=auto&pagemode=none\" target=\"_blank\">Fullscreen Mode<\/a><br><iframe class=\"pvfw-pdf-viewer-frame\" width=\"100%\" height=\"800\" src=\"https:\/\/www.interreg-sverige-norge.com\/themencode-pdf-viewer-sc\/?tnc_pvfw=ZmlsZT1odHRwczovL3d3dy5pbnRlcnJlZy1zdmVyaWdlLW5vcmdlLmNvbS93cC1jb250ZW50L3VwbG9hZHMvUHJvc2pla3RoYW5kYm9rLXB1Ymxpc2VydC12ZXJzam9uLTgtMTYtZGVjZW1iZXItMjAyNS5wZGYmc2V0dGluZ3M9MTExMTAxMDExMTAxMDExMTExMiZsYW5nPXN2LVNF#page=true&zoom=auto&pagemode=none\" title=\"L\u00e4s hanboken\"><\/iframe>\t\t\t\t<\/div>\n\t\t\t\t<\/div>\n\t\t\t\t\t<\/div>\n\t\t<\/div>\n\t\t\t\t\t<\/div>\n\t\t<\/section>\n\t\t\t\t<\/div>\n\t\t","protected":false},"excerpt":{"rendered":"<p>Prosjekth\u00e5ndboken Prosjekth\u00e5ndboken Last ned i PDF-format Veiledning og st\u00f8tte Som veiledning og st\u00f8tte har vi laget en prosjekth\u00e5ndbok. Der finner du alt du trenger \u00e5 vite om hvordan du s\u00f8ker et prosjekt i Interreg Sverige-Norge Det er alltid siste publiserte versjon som gjelder. Fullscreen Mode<\/p>\n","protected":false},"author":6,"featured_media":0,"parent":0,"menu_order":0,"comment_status":"closed","ping_status":"closed","template":"elementor_header_footer","meta":{"_jf_schedule_form":"","_jf_limit_responses":"","footnotes":""},"class_list":["post-11774","page","type-page","status-publish","hentry"],"yoast_head":"<!-- This site is optimized with the Yoast SEO plugin v27.5 - https:\/\/yoast.com\/product\/yoast-seo-wordpress\/ -->\n<title>Prosjekth\u00e5ndboken - Interreg Sverige-Norge<\/title>\n<meta name=\"robots\" content=\"index, follow, max-snippet:-1, max-image-preview:large, max-video-preview:-1\" \/>\n<link rel=\"canonical\" href=\"https:\/\/www.interreg-sverige-norge.com\/no\/prosjekthandboken\/\" \/>\n<meta property=\"og:locale\" content=\"nb_NO\" \/>\n<meta property=\"og:type\" content=\"article\" \/>\n<meta property=\"og:title\" content=\"Prosjekth\u00e5ndboken - Interreg Sverige-Norge\" \/>\n<meta property=\"og:description\" content=\"Prosjekth\u00e5ndboken Prosjekth\u00e5ndboken Last ned i PDF-format Veiledning og st\u00f8tte Som veiledning og st\u00f8tte har vi laget en prosjekth\u00e5ndbok. Der finner du alt du trenger \u00e5 vite om hvordan du s\u00f8ker et prosjekt i Interreg Sverige-Norge Det er alltid siste publiserte versjon som gjelder. Fullscreen Mode\" \/>\n<meta property=\"og:url\" content=\"https:\/\/www.interreg-sverige-norge.com\/no\/prosjekthandboken\/\" \/>\n<meta property=\"og:site_name\" content=\"Interreg Sverige-Norge\" \/>\n<meta property=\"article:publisher\" content=\"https:\/\/www.facebook.com\/Interreg-Sverige-Norge-543432269147183\/\" \/>\n<meta property=\"article:modified_time\" content=\"2025-12-16T14:48:17+00:00\" \/>\n<meta name=\"twitter:card\" content=\"summary_large_image\" \/>\n<script type=\"application\/ld+json\" class=\"yoast-schema-graph\">{\"@context\":\"https:\\\/\\\/schema.org\",\"@graph\":[{\"@type\":\"WebPage\",\"@id\":\"https:\\\/\\\/www.interreg-sverige-norge.com\\\/no\\\/prosjekthandboken\\\/\",\"url\":\"https:\\\/\\\/www.interreg-sverige-norge.com\\\/no\\\/prosjekthandboken\\\/\",\"name\":\"Prosjekth\u00e5ndboken - Interreg Sverige-Norge\",\"isPartOf\":{\"@id\":\"https:\\\/\\\/www.interreg-sverige-norge.com\\\/no\\\/#website\"},\"datePublished\":\"2021-12-01T15:33:57+00:00\",\"dateModified\":\"2025-12-16T14:48:17+00:00\",\"breadcrumb\":{\"@id\":\"https:\\\/\\\/www.interreg-sverige-norge.com\\\/no\\\/prosjekthandboken\\\/#breadcrumb\"},\"inLanguage\":\"nb-NO\",\"potentialAction\":[{\"@type\":\"ReadAction\",\"target\":[\"https:\\\/\\\/www.interreg-sverige-norge.com\\\/no\\\/prosjekthandboken\\\/\"]}]},{\"@type\":\"BreadcrumbList\",\"@id\":\"https:\\\/\\\/www.interreg-sverige-norge.com\\\/no\\\/prosjekthandboken\\\/#breadcrumb\",\"itemListElement\":[{\"@type\":\"ListItem\",\"position\":1,\"name\":\"Start\",\"item\":\"https:\\\/\\\/www.interreg-sverige-norge.com\\\/no\\\/\"},{\"@type\":\"ListItem\",\"position\":2,\"name\":\"Prosjekth\u00e5ndboken\"}]},{\"@type\":\"WebSite\",\"@id\":\"https:\\\/\\\/www.interreg-sverige-norge.com\\\/no\\\/#website\",\"url\":\"https:\\\/\\\/www.interreg-sverige-norge.com\\\/no\\\/\",\"name\":\"Interreg Sverige-Norge\",\"description\":\"\",\"publisher\":{\"@id\":\"https:\\\/\\\/www.interreg-sverige-norge.com\\\/no\\\/#organization\"},\"potentialAction\":[{\"@type\":\"SearchAction\",\"target\":{\"@type\":\"EntryPoint\",\"urlTemplate\":\"https:\\\/\\\/www.interreg-sverige-norge.com\\\/no\\\/?s={search_term_string}\"},\"query-input\":{\"@type\":\"PropertyValueSpecification\",\"valueRequired\":true,\"valueName\":\"search_term_string\"}}],\"inLanguage\":\"nb-NO\"},{\"@type\":\"Organization\",\"@id\":\"https:\\\/\\\/www.interreg-sverige-norge.com\\\/no\\\/#organization\",\"name\":\"Interreg Sverige\u2013Norge\",\"url\":\"https:\\\/\\\/www.interreg-sverige-norge.com\\\/no\\\/\",\"logo\":{\"@type\":\"ImageObject\",\"inLanguage\":\"nb-NO\",\"@id\":\"https:\\\/\\\/www.interreg-sverige-norge.com\\\/no\\\/#\\\/schema\\\/logo\\\/image\\\/\",\"url\":\"https:\\\/\\\/www.interreg-sverige-norge.com\\\/wp-content\\\/uploads\\\/Interreg-logo.svg\",\"contentUrl\":\"https:\\\/\\\/www.interreg-sverige-norge.com\\\/wp-content\\\/uploads\\\/Interreg-logo.svg\",\"width\":409,\"height\":91,\"caption\":\"Interreg Sverige\u2013Norge\"},\"image\":{\"@id\":\"https:\\\/\\\/www.interreg-sverige-norge.com\\\/no\\\/#\\\/schema\\\/logo\\\/image\\\/\"},\"sameAs\":[\"https:\\\/\\\/www.facebook.com\\\/Interreg-Sverige-Norge-543432269147183\\\/\",\"https:\\\/\\\/www.youtube.com\\\/channel\\\/UCkwTnZPG8RAJVCppT3vT1Eg\"]}]}<\/script>\n<!-- \/ Yoast SEO plugin. -->","yoast_head_json":{"title":"Prosjekth\u00e5ndboken - Interreg Sverige-Norge","robots":{"index":"index","follow":"follow","max-snippet":"max-snippet:-1","max-image-preview":"max-image-preview:large","max-video-preview":"max-video-preview:-1"},"canonical":"https:\/\/www.interreg-sverige-norge.com\/no\/prosjekthandboken\/","og_locale":"nb_NO","og_type":"article","og_title":"Prosjekth\u00e5ndboken - Interreg Sverige-Norge","og_description":"Prosjekth\u00e5ndboken Prosjekth\u00e5ndboken Last ned i PDF-format Veiledning og st\u00f8tte Som veiledning og st\u00f8tte har vi laget en prosjekth\u00e5ndbok. Der finner du alt du trenger \u00e5 vite om hvordan du s\u00f8ker et prosjekt i Interreg Sverige-Norge Det er alltid siste publiserte versjon som gjelder. Fullscreen Mode","og_url":"https:\/\/www.interreg-sverige-norge.com\/no\/prosjekthandboken\/","og_site_name":"Interreg Sverige-Norge","article_publisher":"https:\/\/www.facebook.com\/Interreg-Sverige-Norge-543432269147183\/","article_modified_time":"2025-12-16T14:48:17+00:00","twitter_card":"summary_large_image","schema":{"@context":"https:\/\/schema.org","@graph":[{"@type":"WebPage","@id":"https:\/\/www.interreg-sverige-norge.com\/no\/prosjekthandboken\/","url":"https:\/\/www.interreg-sverige-norge.com\/no\/prosjekthandboken\/","name":"Prosjekth\u00e5ndboken - Interreg Sverige-Norge","isPartOf":{"@id":"https:\/\/www.interreg-sverige-norge.com\/no\/#website"},"datePublished":"2021-12-01T15:33:57+00:00","dateModified":"2025-12-16T14:48:17+00:00","breadcrumb":{"@id":"https:\/\/www.interreg-sverige-norge.com\/no\/prosjekthandboken\/#breadcrumb"},"inLanguage":"nb-NO","potentialAction":[{"@type":"ReadAction","target":["https:\/\/www.interreg-sverige-norge.com\/no\/prosjekthandboken\/"]}]},{"@type":"BreadcrumbList","@id":"https:\/\/www.interreg-sverige-norge.com\/no\/prosjekthandboken\/#breadcrumb","itemListElement":[{"@type":"ListItem","position":1,"name":"Start","item":"https:\/\/www.interreg-sverige-norge.com\/no\/"},{"@type":"ListItem","position":2,"name":"Prosjekth\u00e5ndboken"}]},{"@type":"WebSite","@id":"https:\/\/www.interreg-sverige-norge.com\/no\/#website","url":"https:\/\/www.interreg-sverige-norge.com\/no\/","name":"Interreg Sverige-Norge","description":"","publisher":{"@id":"https:\/\/www.interreg-sverige-norge.com\/no\/#organization"},"potentialAction":[{"@type":"SearchAction","target":{"@type":"EntryPoint","urlTemplate":"https:\/\/www.interreg-sverige-norge.com\/no\/?s={search_term_string}"},"query-input":{"@type":"PropertyValueSpecification","valueRequired":true,"valueName":"search_term_string"}}],"inLanguage":"nb-NO"},{"@type":"Organization","@id":"https:\/\/www.interreg-sverige-norge.com\/no\/#organization","name":"Interreg Sverige\u2013Norge","url":"https:\/\/www.interreg-sverige-norge.com\/no\/","logo":{"@type":"ImageObject","inLanguage":"nb-NO","@id":"https:\/\/www.interreg-sverige-norge.com\/no\/#\/schema\/logo\/image\/","url":"https:\/\/www.interreg-sverige-norge.com\/wp-content\/uploads\/Interreg-logo.svg","contentUrl":"https:\/\/www.interreg-sverige-norge.com\/wp-content\/uploads\/Interreg-logo.svg","width":409,"height":91,"caption":"Interreg Sverige\u2013Norge"},"image":{"@id":"https:\/\/www.interreg-sverige-norge.com\/no\/#\/schema\/logo\/image\/"},"sameAs":["https:\/\/www.facebook.com\/Interreg-Sverige-Norge-543432269147183\/","https:\/\/www.youtube.com\/channel\/UCkwTnZPG8RAJVCppT3vT1Eg"]}]}},"_links":{"self":[{"href":"https:\/\/www.interreg-sverige-norge.com\/no\/wp-json\/wp\/v2\/pages\/11774","targetHints":{"allow":["GET"]}}],"collection":[{"href":"https:\/\/www.interreg-sverige-norge.com\/no\/wp-json\/wp\/v2\/pages"}],"about":[{"href":"https:\/\/www.interreg-sverige-norge.com\/no\/wp-json\/wp\/v2\/types\/page"}],"author":[{"embeddable":true,"href":"https:\/\/www.interreg-sverige-norge.com\/no\/wp-json\/wp\/v2\/users\/6"}],"replies":[{"embeddable":true,"href":"https:\/\/www.interreg-sverige-norge.com\/no\/wp-json\/wp\/v2\/comments?post=11774"}],"version-history":[{"count":9,"href":"https:\/\/www.interreg-sverige-norge.com\/no\/wp-json\/wp\/v2\/pages\/11774\/revisions"}],"predecessor-version":[{"id":16078,"href":"https:\/\/www.interreg-sverige-norge.com\/no\/wp-json\/wp\/v2\/pages\/11774\/revisions\/16078"}],"wp:attachment":[{"href":"https:\/\/www.interreg-sverige-norge.com\/no\/wp-json\/wp\/v2\/media?parent=11774"}],"curies":[{"name":"wp","href":"https:\/\/api.w.org\/{rel}","templated":true}]}}