{"id":11759,"date":"2021-12-01T16:26:32","date_gmt":"2021-12-01T15:26:32","guid":{"rendered":"https:\/\/www.interreg-sverige-norge.com\/nye-prosjektideer\/"},"modified":"2024-01-19T10:30:10","modified_gmt":"2024-01-19T09:30:10","slug":"nye-prosjektideer","status":"publish","type":"page","link":"https:\/\/www.interreg-sverige-norge.com\/no\/nye-prosjektideer\/","title":{"rendered":"Nye prosjektideer"},"content":{"rendered":"\t\t<div data-elementor-type=\"wp-page\" data-elementor-id=\"11759\" class=\"elementor elementor-11759 elementor-2830\" data-elementor-post-type=\"page\">\n\t\t\t\t\t\t<section class=\"elementor-section elementor-top-section elementor-element elementor-element-5a18e4f elementor-section-boxed elementor-section-height-default elementor-section-height-default\" data-id=\"5a18e4f\" data-element_type=\"section\" data-e-type=\"section\" data-settings=\"{&quot;jet_parallax_layout_list&quot;:[]}\">\n\t\t\t\t\t\t<div class=\"elementor-container elementor-column-gap-default\">\n\t\t\t\t\t<div class=\"elementor-column elementor-col-100 elementor-top-column elementor-element elementor-element-4bdbb8d\" data-id=\"4bdbb8d\" data-element_type=\"column\" data-e-type=\"column\">\n\t\t\t<div class=\"elementor-widget-wrap elementor-element-populated\">\n\t\t\t\t\t\t<div class=\"elementor-element elementor-element-ae916d9 elementor-widget elementor-widget-heading\" data-id=\"ae916d9\" data-element_type=\"widget\" data-e-type=\"widget\" data-widget_type=\"heading.default\">\n\t\t\t\t<div class=\"elementor-widget-container\">\n\t\t\t\t\t<h2 class=\"elementor-heading-title elementor-size-default\">Veiledning for hvordan du s\u00f8ker st\u00f8tte fra Interreg Sverige-Norge<\/h2>\t\t\t\t<\/div>\n\t\t\t\t<\/div>\n\t\t\t\t<div class=\"elementor-element elementor-element-23ed141 elementor-widget elementor-widget-heading\" data-id=\"23ed141\" data-element_type=\"widget\" data-e-type=\"widget\" data-widget_type=\"heading.default\">\n\t\t\t\t<div class=\"elementor-widget-container\">\n\t\t\t\t\t<h3 class=\"elementor-heading-title elementor-size-default\">1. Prosjektid\u00e9<\/h3>\t\t\t\t<\/div>\n\t\t\t\t<\/div>\n\t\t\t\t<div class=\"elementor-element elementor-element-60ae3bc elementor-widget elementor-widget-text-editor\" data-id=\"60ae3bc\" data-element_type=\"widget\" data-e-type=\"widget\" data-widget_type=\"text-editor.default\">\n\t\t\t\t<div class=\"elementor-widget-container\">\n\t\t\t\t\t\t\t\t\t<p>Alt starter med en prosjektide for \u00e5 l\u00f8se problemer eller utvikle muligheter p\u00e5 tvers av landegrenser. Start med \u00e5 sette deg inn i programmets prioriteringer og finn ut om din prosjektide passer inn i en av programmets prioriteringer: En smartere grenseregion, En gr\u00f8nnere grenseregion, En mer sosial grenseregion og En sterkere grenseregion.<\/p>\n\t\t\t\t\t\t\t\t<\/div>\n\t\t\t\t<\/div>\n\t\t\t\t<div class=\"elementor-element elementor-element-a070e87 elementor-widget elementor-widget-heading\" data-id=\"a070e87\" data-element_type=\"widget\" data-e-type=\"widget\" data-widget_type=\"heading.default\">\n\t\t\t\t<div class=\"elementor-widget-container\">\n\t\t\t\t\t<h3 class=\"elementor-heading-title elementor-size-default\">2. Bygg et nettverk og finn partnere<\/h3>\t\t\t\t<\/div>\n\t\t\t\t<\/div>\n\t\t\t\t<div class=\"elementor-element elementor-element-74329d0 elementor-widget elementor-widget-text-editor\" data-id=\"74329d0\" data-element_type=\"widget\" data-e-type=\"widget\" data-widget_type=\"text-editor.default\">\n\t\t\t\t<div class=\"elementor-widget-container\">\n\t\t\t\t\t\t\t\t\t<p>Prosjektet m\u00e5 ha minst to partnere, en fra Sverige og en fra Norge. Du b\u00f8r sette sammen et partnerskap med komplement\u00e6re ferdigheter og relevante akt\u00f8rer. Husk at akt\u00f8rer kan delta i prosjektet uten \u00e5 v\u00e6re prosjektpartnere \u2013 for eksempel som m\u00e5lgruppe, i nettverk eller som <\/p>\n\t\t\t\t\t\t\t\t<\/div>\n\t\t\t\t<\/div>\n\t\t\t\t<div class=\"elementor-element elementor-element-79fe7fd elementor-widget elementor-widget-heading\" data-id=\"79fe7fd\" data-element_type=\"widget\" data-e-type=\"widget\" data-widget_type=\"heading.default\">\n\t\t\t\t<div class=\"elementor-widget-container\">\n\t\t\t\t\t<h3 class=\"elementor-heading-title elementor-size-default\">3. Kontakt en prosjektr\u00e5dgiver<\/h3>\t\t\t\t<\/div>\n\t\t\t\t<\/div>\n\t\t\t\t<div class=\"elementor-element elementor-element-10ac529 elementor-widget elementor-widget-text-editor\" data-id=\"10ac529\" data-element_type=\"widget\" data-e-type=\"widget\" data-widget_type=\"text-editor.default\">\n\t\t\t\t<div class=\"elementor-widget-container\">\n\t\t\t\t\t\t\t\t\t<p>R\u00e5dgiverne hjelper til med \u00e5 avklare informasjon og gir r\u00e5d om programm\u00e5l og retningslinjer. Du kan ogs\u00e5 f\u00e5 hjelp med sp\u00f8rsm\u00e5l om \u00e5 definere prosjektet. <\/p>\n\t\t\t\t\t\t\t\t<\/div>\n\t\t\t\t<\/div>\n\t\t\t\t<div class=\"elementor-element elementor-element-e0c3cf1 elementor-widget elementor-widget-heading\" data-id=\"e0c3cf1\" data-element_type=\"widget\" data-e-type=\"widget\" data-widget_type=\"heading.default\">\n\t\t\t\t<div class=\"elementor-widget-container\">\n\t\t\t\t\t<h3 class=\"elementor-heading-title elementor-size-default\">4. Send inn en id\u00e9skisse<\/h3>\t\t\t\t<\/div>\n\t\t\t\t<\/div>\n\t\t\t\t<div class=\"elementor-element elementor-element-17dfd6d elementor-widget elementor-widget-text-editor\" data-id=\"17dfd6d\" data-element_type=\"widget\" data-e-type=\"widget\" data-widget_type=\"text-editor.default\">\n\t\t\t\t<div class=\"elementor-widget-container\">\n\t\t\t\t\t\t\t\t\t<p>P\u00e5 programmets hjemmeside er det en mal der du kort kan beskrive din prosjektide. En id\u00e9 som er formulert i tekst er alltid lettere \u00e5 vurdere. P\u00e5 dette stadiet er det viktig at prosjektet har en svensk og en norsk partner. Send inn konseptskissen til en prosjektr\u00e5dgiver i god tid f\u00f8r s\u00f8knadsfristen og be om tilbakemelding. Prosjektr\u00e5dgiveren vil veilede deg videre i s\u00f8knadsprosessen gjennom blant annet m\u00f8ter og skriftlig tilbakemelding. <\/p>\n\t\t\t\t\t\t\t\t<\/div>\n\t\t\t\t<\/div>\n\t\t\t\t<div class=\"elementor-element elementor-element-bc557f7 elementor-widget elementor-widget-heading\" data-id=\"bc557f7\" data-element_type=\"widget\" data-e-type=\"widget\" data-widget_type=\"heading.default\">\n\t\t\t\t<div class=\"elementor-widget-container\">\n\t\t\t\t\t<h3 class=\"elementor-heading-title elementor-size-default\">5. Forankre prosjektet<\/h3>\t\t\t\t<\/div>\n\t\t\t\t<\/div>\n\t\t\t\t<div class=\"elementor-element elementor-element-99c18b6 elementor-widget elementor-widget-text-editor\" data-id=\"99c18b6\" data-element_type=\"widget\" data-e-type=\"widget\" data-widget_type=\"text-editor.default\">\n\t\t\t\t<div class=\"elementor-widget-container\">\n\t\t\t\t\t\t\t\t\t<p>Etter at du har f\u00e5tt den f\u00f8rste tilbakemeldingen er det viktig at du s\u00f8rger for \u00e5 forankre prosjektet i egen organisasjon og hos andre m\u00e5lgrupper En veletablert prosjektid\u00e9 har st\u00f8rre sjanse for \u00e5 lykkes. <\/p>\n\t\t\t\t\t\t\t\t<\/div>\n\t\t\t\t<\/div>\n\t\t\t\t<div class=\"elementor-element elementor-element-1ce2734 elementor-widget elementor-widget-heading\" data-id=\"1ce2734\" data-element_type=\"widget\" data-e-type=\"widget\" data-widget_type=\"heading.default\">\n\t\t\t\t<div class=\"elementor-widget-container\">\n\t\t\t\t\t<h3 class=\"elementor-heading-title elementor-size-default\">6. Arbeid med s\u00f8knaden din<\/h3>\t\t\t\t<\/div>\n\t\t\t\t<\/div>\n\t\t\t\t<div class=\"elementor-element elementor-element-525ef30 elementor-widget elementor-widget-text-editor\" data-id=\"525ef30\" data-element_type=\"widget\" data-e-type=\"widget\" data-widget_type=\"text-editor.default\">\n\t\t\t\t<div class=\"elementor-widget-container\">\n\t\t\t\t\t\t\t\t\tN\u00e5 er tiden inne for \u00e5 forberede en s\u00f8knad. Viktig i dette videre arbeidet vil v\u00e6re \u00e5 involvere hele partnerskapet (inkludert m\u00e5lgruppe og nettverk). Felles prosjektplanlegging er grunnleggende i et grenseoverskridende prosjekt.\nFor \u00e5 fylle ut netts\u00f8knaden p\u00e5 svensk side er det informasjonsarket &laquo;Innhold i Min s\u00f8knad&raquo;. Men det viktigste er at innholdet i s\u00f8knaden er fokusert og tydelig, slik at dere selv og vi som finansfolk forst\u00e5r med og for hvem, hva som skal gj\u00f8res og hvordan det skal gj\u00f8res. \n Vi r\u00e5dgivere fortsetter gjerne \u00e5 v\u00e6re en klangbunn gjennom hele s\u00f8knadsfasen, men de raskeste svarene finner du i Prosjekth\u00e5ndboken.\n\t\t\t\t\t\t\t\t<\/div>\n\t\t\t\t<\/div>\n\t\t\t\t\t<\/div>\n\t\t<\/div>\n\t\t\t\t\t<\/div>\n\t\t<\/section>\n\t\t\t\t<\/div>\n\t\t","protected":false},"excerpt":{"rendered":"<p>Veiledning for hvordan du s\u00f8ker st\u00f8tte fra Interreg Sverige-Norge 1. Prosjektid\u00e9 Alt starter med en prosjektide for \u00e5 l\u00f8se problemer eller utvikle muligheter p\u00e5 tvers av landegrenser. Start med \u00e5 sette deg inn i programmets prioriteringer og finn ut om din prosjektide passer inn i en av programmets prioriteringer: En smartere grenseregion, En gr\u00f8nnere grenseregion, [&hellip;]<\/p>\n","protected":false},"author":6,"featured_media":0,"parent":0,"menu_order":0,"comment_status":"closed","ping_status":"closed","template":"elementor_header_footer","meta":{"_jf_schedule_form":"","_jf_limit_responses":"","footnotes":""},"class_list":["post-11759","page","type-page","status-publish","hentry"],"yoast_head":"<!-- This site is optimized with the Yoast SEO plugin v27.4 - https:\/\/yoast.com\/product\/yoast-seo-wordpress\/ -->\n<title>Nye prosjektideer - Interreg Sverige-Norge<\/title>\n<meta name=\"robots\" content=\"index, follow, max-snippet:-1, max-image-preview:large, max-video-preview:-1\" \/>\n<link rel=\"canonical\" href=\"https:\/\/www.interreg-sverige-norge.com\/no\/nye-prosjektideer\/\" \/>\n<meta property=\"og:locale\" content=\"nb_NO\" \/>\n<meta property=\"og:type\" content=\"article\" \/>\n<meta property=\"og:title\" content=\"Nye prosjektideer - Interreg Sverige-Norge\" \/>\n<meta property=\"og:description\" content=\"Veiledning for hvordan du s\u00f8ker st\u00f8tte fra Interreg Sverige-Norge 1. Prosjektid\u00e9 Alt starter med en prosjektide for \u00e5 l\u00f8se problemer eller utvikle muligheter p\u00e5 tvers av landegrenser. Start med \u00e5 sette deg inn i programmets prioriteringer og finn ut om din prosjektide passer inn i en av programmets prioriteringer: En smartere grenseregion, En gr\u00f8nnere grenseregion, [&hellip;]\" \/>\n<meta property=\"og:url\" content=\"https:\/\/www.interreg-sverige-norge.com\/no\/nye-prosjektideer\/\" \/>\n<meta property=\"og:site_name\" content=\"Interreg Sverige-Norge\" \/>\n<meta property=\"article:publisher\" content=\"https:\/\/www.facebook.com\/Interreg-Sverige-Norge-543432269147183\/\" \/>\n<meta property=\"article:modified_time\" content=\"2024-01-19T09:30:10+00:00\" \/>\n<meta name=\"twitter:card\" content=\"summary_large_image\" \/>\n<meta name=\"twitter:label1\" content=\"Ansl. lesetid\" \/>\n\t<meta name=\"twitter:data1\" content=\"2 minutter\" \/>\n<script type=\"application\/ld+json\" class=\"yoast-schema-graph\">{\"@context\":\"https:\\\/\\\/schema.org\",\"@graph\":[{\"@type\":\"WebPage\",\"@id\":\"https:\\\/\\\/www.interreg-sverige-norge.com\\\/no\\\/nye-prosjektideer\\\/\",\"url\":\"https:\\\/\\\/www.interreg-sverige-norge.com\\\/no\\\/nye-prosjektideer\\\/\",\"name\":\"Nye prosjektideer - Interreg Sverige-Norge\",\"isPartOf\":{\"@id\":\"https:\\\/\\\/www.interreg-sverige-norge.com\\\/no\\\/#website\"},\"datePublished\":\"2021-12-01T15:26:32+00:00\",\"dateModified\":\"2024-01-19T09:30:10+00:00\",\"breadcrumb\":{\"@id\":\"https:\\\/\\\/www.interreg-sverige-norge.com\\\/no\\\/nye-prosjektideer\\\/#breadcrumb\"},\"inLanguage\":\"nb-NO\",\"potentialAction\":[{\"@type\":\"ReadAction\",\"target\":[\"https:\\\/\\\/www.interreg-sverige-norge.com\\\/no\\\/nye-prosjektideer\\\/\"]}]},{\"@type\":\"BreadcrumbList\",\"@id\":\"https:\\\/\\\/www.interreg-sverige-norge.com\\\/no\\\/nye-prosjektideer\\\/#breadcrumb\",\"itemListElement\":[{\"@type\":\"ListItem\",\"position\":1,\"name\":\"Start\",\"item\":\"https:\\\/\\\/www.interreg-sverige-norge.com\\\/no\\\/\"},{\"@type\":\"ListItem\",\"position\":2,\"name\":\"Nye prosjektideer\"}]},{\"@type\":\"WebSite\",\"@id\":\"https:\\\/\\\/www.interreg-sverige-norge.com\\\/no\\\/#website\",\"url\":\"https:\\\/\\\/www.interreg-sverige-norge.com\\\/no\\\/\",\"name\":\"Interreg Sverige-Norge\",\"description\":\"\",\"publisher\":{\"@id\":\"https:\\\/\\\/www.interreg-sverige-norge.com\\\/no\\\/#organization\"},\"potentialAction\":[{\"@type\":\"SearchAction\",\"target\":{\"@type\":\"EntryPoint\",\"urlTemplate\":\"https:\\\/\\\/www.interreg-sverige-norge.com\\\/no\\\/?s={search_term_string}\"},\"query-input\":{\"@type\":\"PropertyValueSpecification\",\"valueRequired\":true,\"valueName\":\"search_term_string\"}}],\"inLanguage\":\"nb-NO\"},{\"@type\":\"Organization\",\"@id\":\"https:\\\/\\\/www.interreg-sverige-norge.com\\\/no\\\/#organization\",\"name\":\"Interreg Sverige\u2013Norge\",\"url\":\"https:\\\/\\\/www.interreg-sverige-norge.com\\\/no\\\/\",\"logo\":{\"@type\":\"ImageObject\",\"inLanguage\":\"nb-NO\",\"@id\":\"https:\\\/\\\/www.interreg-sverige-norge.com\\\/no\\\/#\\\/schema\\\/logo\\\/image\\\/\",\"url\":\"https:\\\/\\\/www.interreg-sverige-norge.com\\\/wp-content\\\/uploads\\\/Interreg-logo.svg\",\"contentUrl\":\"https:\\\/\\\/www.interreg-sverige-norge.com\\\/wp-content\\\/uploads\\\/Interreg-logo.svg\",\"width\":409,\"height\":91,\"caption\":\"Interreg Sverige\u2013Norge\"},\"image\":{\"@id\":\"https:\\\/\\\/www.interreg-sverige-norge.com\\\/no\\\/#\\\/schema\\\/logo\\\/image\\\/\"},\"sameAs\":[\"https:\\\/\\\/www.facebook.com\\\/Interreg-Sverige-Norge-543432269147183\\\/\",\"https:\\\/\\\/www.youtube.com\\\/channel\\\/UCkwTnZPG8RAJVCppT3vT1Eg\"]}]}<\/script>\n<!-- \/ Yoast SEO plugin. -->","yoast_head_json":{"title":"Nye prosjektideer - Interreg Sverige-Norge","robots":{"index":"index","follow":"follow","max-snippet":"max-snippet:-1","max-image-preview":"max-image-preview:large","max-video-preview":"max-video-preview:-1"},"canonical":"https:\/\/www.interreg-sverige-norge.com\/no\/nye-prosjektideer\/","og_locale":"nb_NO","og_type":"article","og_title":"Nye prosjektideer - Interreg Sverige-Norge","og_description":"Veiledning for hvordan du s\u00f8ker st\u00f8tte fra Interreg Sverige-Norge 1. Prosjektid\u00e9 Alt starter med en prosjektide for \u00e5 l\u00f8se problemer eller utvikle muligheter p\u00e5 tvers av landegrenser. Start med \u00e5 sette deg inn i programmets prioriteringer og finn ut om din prosjektide passer inn i en av programmets prioriteringer: En smartere grenseregion, En gr\u00f8nnere grenseregion, [&hellip;]","og_url":"https:\/\/www.interreg-sverige-norge.com\/no\/nye-prosjektideer\/","og_site_name":"Interreg Sverige-Norge","article_publisher":"https:\/\/www.facebook.com\/Interreg-Sverige-Norge-543432269147183\/","article_modified_time":"2024-01-19T09:30:10+00:00","twitter_card":"summary_large_image","twitter_misc":{"Ansl. lesetid":"2 minutter"},"schema":{"@context":"https:\/\/schema.org","@graph":[{"@type":"WebPage","@id":"https:\/\/www.interreg-sverige-norge.com\/no\/nye-prosjektideer\/","url":"https:\/\/www.interreg-sverige-norge.com\/no\/nye-prosjektideer\/","name":"Nye prosjektideer - Interreg Sverige-Norge","isPartOf":{"@id":"https:\/\/www.interreg-sverige-norge.com\/no\/#website"},"datePublished":"2021-12-01T15:26:32+00:00","dateModified":"2024-01-19T09:30:10+00:00","breadcrumb":{"@id":"https:\/\/www.interreg-sverige-norge.com\/no\/nye-prosjektideer\/#breadcrumb"},"inLanguage":"nb-NO","potentialAction":[{"@type":"ReadAction","target":["https:\/\/www.interreg-sverige-norge.com\/no\/nye-prosjektideer\/"]}]},{"@type":"BreadcrumbList","@id":"https:\/\/www.interreg-sverige-norge.com\/no\/nye-prosjektideer\/#breadcrumb","itemListElement":[{"@type":"ListItem","position":1,"name":"Start","item":"https:\/\/www.interreg-sverige-norge.com\/no\/"},{"@type":"ListItem","position":2,"name":"Nye prosjektideer"}]},{"@type":"WebSite","@id":"https:\/\/www.interreg-sverige-norge.com\/no\/#website","url":"https:\/\/www.interreg-sverige-norge.com\/no\/","name":"Interreg Sverige-Norge","description":"","publisher":{"@id":"https:\/\/www.interreg-sverige-norge.com\/no\/#organization"},"potentialAction":[{"@type":"SearchAction","target":{"@type":"EntryPoint","urlTemplate":"https:\/\/www.interreg-sverige-norge.com\/no\/?s={search_term_string}"},"query-input":{"@type":"PropertyValueSpecification","valueRequired":true,"valueName":"search_term_string"}}],"inLanguage":"nb-NO"},{"@type":"Organization","@id":"https:\/\/www.interreg-sverige-norge.com\/no\/#organization","name":"Interreg Sverige\u2013Norge","url":"https:\/\/www.interreg-sverige-norge.com\/no\/","logo":{"@type":"ImageObject","inLanguage":"nb-NO","@id":"https:\/\/www.interreg-sverige-norge.com\/no\/#\/schema\/logo\/image\/","url":"https:\/\/www.interreg-sverige-norge.com\/wp-content\/uploads\/Interreg-logo.svg","contentUrl":"https:\/\/www.interreg-sverige-norge.com\/wp-content\/uploads\/Interreg-logo.svg","width":409,"height":91,"caption":"Interreg Sverige\u2013Norge"},"image":{"@id":"https:\/\/www.interreg-sverige-norge.com\/no\/#\/schema\/logo\/image\/"},"sameAs":["https:\/\/www.facebook.com\/Interreg-Sverige-Norge-543432269147183\/","https:\/\/www.youtube.com\/channel\/UCkwTnZPG8RAJVCppT3vT1Eg"]}]}},"_links":{"self":[{"href":"https:\/\/www.interreg-sverige-norge.com\/no\/wp-json\/wp\/v2\/pages\/11759","targetHints":{"allow":["GET"]}}],"collection":[{"href":"https:\/\/www.interreg-sverige-norge.com\/no\/wp-json\/wp\/v2\/pages"}],"about":[{"href":"https:\/\/www.interreg-sverige-norge.com\/no\/wp-json\/wp\/v2\/types\/page"}],"author":[{"embeddable":true,"href":"https:\/\/www.interreg-sverige-norge.com\/no\/wp-json\/wp\/v2\/users\/6"}],"replies":[{"embeddable":true,"href":"https:\/\/www.interreg-sverige-norge.com\/no\/wp-json\/wp\/v2\/comments?post=11759"}],"version-history":[{"count":0,"href":"https:\/\/www.interreg-sverige-norge.com\/no\/wp-json\/wp\/v2\/pages\/11759\/revisions"}],"wp:attachment":[{"href":"https:\/\/www.interreg-sverige-norge.com\/no\/wp-json\/wp\/v2\/media?parent=11759"}],"curies":[{"name":"wp","href":"https:\/\/api.w.org\/{rel}","templated":true}]}}